{"id":6078,"date":"2017-01-17T02:15:19","date_gmt":"2017-01-17T02:15:19","guid":{"rendered":"http:\/\/worldclock.com\/?page_id=6078"},"modified":"2017-01-17T02:15:48","modified_gmt":"2017-01-17T02:15:48","slug":"angola","status":"publish","type":"page","link":"https:\/\/www.worldclock.com\/Aktualny-Czas\/afryka\/angola\/","title":{"rendered":"Angola"},"content":{"rendered":"<p>Angola oficjanie jest znana jako Republika Angoli, kraj znajduje si\u0119 w Afryce Po\u0142udniowej . Stolic\u0105 Angoli jest jej najwi\u0119ksze miasto Luanda. Oficjalnym j\u0119zykiem u\u017cywanym w Angolii   jest j\u0119zyk portugalski, cho\u0107 w kraju ludno\u015b\u0107 pos\u0142uguje si\u0119 te\u017c innymi przyj\u0119tymi tam j\u0119zykami. Liczba ludno\u015bci Angoli wynosi tylko 24 miliony, z czego szacuje si\u0119, \u017ce jej po\u0142owa to katolicy. Walut\u0105 u\u017cywan\u0105 w Angoli jest  kwanza (AOA). Pomimo tego, \u017ce Angola posiada jedn\u0105 z najszybciej rozwijaj\u0105cych si\u0119 ekonomii na \u015bwiecie standardy \u017cyciowe s\u0105 raczej ubogie dla wi\u0119kszo\u015bci populacji ze wzgl\u0119du na nier\u00f3wny podzia\u0142 maj\u0105tku. Poziom wykszta\u0142cenia w Angoli jest raczej s\u0142aby, a wiele dzieci nie ucz\u0119szcza do szko\u0142y z powodu braku nauczycieli i budynk\u00f3w szkolnych.<\/p>\n","protected":false},"excerpt":{"rendered":"<p>Angola oficjanie jest znana jako Republika Angoli, kraj znajduje si\u0119 w Afryce Po\u0142udniowej . Stolic\u0105 Angoli jest jej najwi\u0119ksze miasto Luanda. Oficjalnym j\u0119zykiem u\u017cywanym w Angolii jest j\u0119zyk portugalski, cho\u0107 w kraju ludno\u015b\u0107 pos\u0142uguje si\u0119 te\u017c innymi przyj\u0119tymi tam j\u0119zykami. Liczba ludno\u015bci Angoli wynosi tylko 24 miliony, z czego szacuje si\u0119, \u017ce jej po\u0142owa to &hellip; <a href=\"https:\/\/www.worldclock.com\/Aktualny-Czas\/afryka\/angola\/\" class=\"more-link\"><\/a><\/p>\n","protected":false},"author":1,"featured_media":1718,"parent":6055,"menu_order":0,"comment_status":"closed","ping_status":"closed","template":"custom-page-templates-countrypage.php","meta":{"_acf_changed":false,"footnotes":""},"categories":[],"tags":[],"class_list":["post-6078","page","type-page","status-publish","has-post-thumbnail","hentry"],"acf":[],"_links":{"self":[{"href":"https:\/\/www.worldclock.com\/Aktualny-Czas\/wp-json\/wp\/v2\/pages\/6078","targetHints":{"allow":["GET"]}}],"collection":[{"href":"https:\/\/www.worldclock.com\/Aktualny-Czas\/wp-json\/wp\/v2\/pages"}],"about":[{"href":"https:\/\/www.worldclock.com\/Aktualny-Czas\/wp-json\/wp\/v2\/types\/page"}],"author":[{"embeddable":true,"href":"https:\/\/www.worldclock.com\/Aktualny-Czas\/wp-json\/wp\/v2\/users\/1"}],"replies":[{"embeddable":true,"href":"https:\/\/www.worldclock.com\/Aktualny-Czas\/wp-json\/wp\/v2\/comments?post=6078"}],"version-history":[{"count":0,"href":"https:\/\/www.worldclock.com\/Aktualny-Czas\/wp-json\/wp\/v2\/pages\/6078\/revisions"}],"up":[{"embeddable":true,"href":"https:\/\/www.worldclock.com\/Aktualny-Czas\/wp-json\/wp\/v2\/pages\/6055"}],"wp:featuredmedia":[{"embeddable":true,"href":"https:\/\/www.worldclock.com\/Aktualny-Czas\/wp-json\/wp\/v2\/media\/1718"}],"wp:attachment":[{"href":"https:\/\/www.worldclock.com\/Aktualny-Czas\/wp-json\/wp\/v2\/media?parent=6078"}],"wp:term":[{"taxonomy":"category","embeddable":true,"href":"https:\/\/www.worldclock.com\/Aktualny-Czas\/wp-json\/wp\/v2\/categories?post=6078"},{"taxonomy":"post_tag","embeddable":true,"href":"https:\/\/www.worldclock.com\/Aktualny-Czas\/wp-json\/wp\/v2\/tags?post=6078"}],"curies":[{"name":"wp","href":"https:\/\/api.w.org\/{rel}","templated":true}]}}