{"id":6086,"date":"2017-01-17T02:24:44","date_gmt":"2017-01-17T02:24:44","guid":{"rendered":"http:\/\/worldclock.com\/?page_id=6086"},"modified":"2017-01-17T02:25:04","modified_gmt":"2017-01-17T02:25:04","slug":"kamerun","status":"publish","type":"page","link":"https:\/\/www.worldclock.com\/Aktualny-Czas\/afryka\/kamerun\/","title":{"rendered":"Kamerun"},"content":{"rendered":"<p>Kamerun, znany te\u017c jako Republika Kamerunu znajduje si\u0119 w <a href=\"http:\/\/www.worldclock.com\/pl\/afryka\/\">Afryce<\/a> Zachodniej. Stolic\u0105 kraju jest Yaound\u00e9, a najwi\u0119kszym miastem jest Douala. Urz\u0119dowymi j\u0119zykami Kamerunu s\u0105 j\u0119zyk francuski i angielski, a liczba ludno\u015bci kraju wynosi ponad 19 milion\u00f3w. Walut\u0105 u\u017cywana w Kamerunie jest \u015brodkowoafryka\u0144ski frank (CFA) (XAF).<\/p>\n","protected":false},"excerpt":{"rendered":"<p>Kamerun, znany te\u017c jako Republika Kamerunu znajduje si\u0119 w Afryce Zachodniej. Stolic\u0105 kraju jest Yaound\u00e9, a najwi\u0119kszym miastem jest Douala. Urz\u0119dowymi j\u0119zykami Kamerunu s\u0105 j\u0119zyk francuski i angielski, a liczba ludno\u015bci kraju wynosi ponad 19 milion\u00f3w. Walut\u0105 u\u017cywana w Kamerunie jest \u015brodkowoafryka\u0144ski frank (CFA) (XAF).<\/p>\n","protected":false},"author":1,"featured_media":3727,"parent":6055,"menu_order":0,"comment_status":"closed","ping_status":"closed","template":"custom-page-templates-countrypage.php","meta":{"_acf_changed":false,"footnotes":""},"categories":[],"tags":[],"class_list":["post-6086","page","type-page","status-publish","has-post-thumbnail","hentry"],"acf":[],"_links":{"self":[{"href":"https:\/\/www.worldclock.com\/Aktualny-Czas\/wp-json\/wp\/v2\/pages\/6086","targetHints":{"allow":["GET"]}}],"collection":[{"href":"https:\/\/www.worldclock.com\/Aktualny-Czas\/wp-json\/wp\/v2\/pages"}],"about":[{"href":"https:\/\/www.worldclock.com\/Aktualny-Czas\/wp-json\/wp\/v2\/types\/page"}],"author":[{"embeddable":true,"href":"https:\/\/www.worldclock.com\/Aktualny-Czas\/wp-json\/wp\/v2\/users\/1"}],"replies":[{"embeddable":true,"href":"https:\/\/www.worldclock.com\/Aktualny-Czas\/wp-json\/wp\/v2\/comments?post=6086"}],"version-history":[{"count":0,"href":"https:\/\/www.worldclock.com\/Aktualny-Czas\/wp-json\/wp\/v2\/pages\/6086\/revisions"}],"up":[{"embeddable":true,"href":"https:\/\/www.worldclock.com\/Aktualny-Czas\/wp-json\/wp\/v2\/pages\/6055"}],"wp:featuredmedia":[{"embeddable":true,"href":"https:\/\/www.worldclock.com\/Aktualny-Czas\/wp-json\/wp\/v2\/media\/3727"}],"wp:attachment":[{"href":"https:\/\/www.worldclock.com\/Aktualny-Czas\/wp-json\/wp\/v2\/media?parent=6086"}],"wp:term":[{"taxonomy":"category","embeddable":true,"href":"https:\/\/www.worldclock.com\/Aktualny-Czas\/wp-json\/wp\/v2\/categories?post=6086"},{"taxonomy":"post_tag","embeddable":true,"href":"https:\/\/www.worldclock.com\/Aktualny-Czas\/wp-json\/wp\/v2\/tags?post=6086"}],"curies":[{"name":"wp","href":"https:\/\/api.w.org\/{rel}","templated":true}]}}