{"id":6092,"date":"2017-01-17T02:29:06","date_gmt":"2017-01-17T02:29:06","guid":{"rendered":"http:\/\/worldclock.com\/?page_id=6092"},"modified":"2017-01-17T02:29:29","modified_gmt":"2017-01-17T02:29:29","slug":"czad","status":"publish","type":"page","link":"https:\/\/www.worldclock.com\/Aktualny-Czas\/afryka\/czad\/","title":{"rendered":"Czad"},"content":{"rendered":"<p>Czad, znany pod nazw\u0105 Republika Czadu znajduje si\u0119 w <a href=\"http:\/\/www.worldclock.com\/pl\/afryka\/\">Afryce<\/a> \u015arodkowej. Ten \u015br\u00f3dl\u0105dowy kraj, kt\u00f3ry do roku 1960 by\u0142 koloni\u0105 francusk\u0105 cierpi z powodu biedy, suszy, chor\u00f3b i wojny. N\u2019Djamena jest stolic\u0105 kraju, oficjalnymi j\u0119zykami s\u0105 arabski i francuski, najwi\u0119kszymi religiami s\u0105 islam i chrze\u015bcija\u0144stwo, a ludno\u015b\u0107 kraju liczy 10.3 miliony. Walut\u0105 Czadu jest \u015brodkowoafryka\u0144ski frank CFA (XAF).  <\/p>\n","protected":false},"excerpt":{"rendered":"<p>Czad, znany pod nazw\u0105 Republika Czadu znajduje si\u0119 w Afryce \u015arodkowej. Ten \u015br\u00f3dl\u0105dowy kraj, kt\u00f3ry do roku 1960 by\u0142 koloni\u0105 francusk\u0105 cierpi z powodu biedy, suszy, chor\u00f3b i wojny. N\u2019Djamena jest stolic\u0105 kraju, oficjalnymi j\u0119zykami s\u0105 arabski i francuski, najwi\u0119kszymi religiami s\u0105 islam i chrze\u015bcija\u0144stwo, a ludno\u015b\u0107 kraju liczy 10.3 miliony. Walut\u0105 Czadu jest \u015brodkowoafryka\u0144ski &hellip; <a href=\"https:\/\/www.worldclock.com\/Aktualny-Czas\/afryka\/czad\/\" class=\"more-link\"><\/a><\/p>\n","protected":false},"author":1,"featured_media":3734,"parent":6055,"menu_order":0,"comment_status":"closed","ping_status":"closed","template":"custom-page-templates-countrypage.php","meta":{"_acf_changed":false,"footnotes":""},"categories":[],"tags":[],"class_list":["post-6092","page","type-page","status-publish","has-post-thumbnail","hentry"],"acf":[],"_links":{"self":[{"href":"https:\/\/www.worldclock.com\/Aktualny-Czas\/wp-json\/wp\/v2\/pages\/6092","targetHints":{"allow":["GET"]}}],"collection":[{"href":"https:\/\/www.worldclock.com\/Aktualny-Czas\/wp-json\/wp\/v2\/pages"}],"about":[{"href":"https:\/\/www.worldclock.com\/Aktualny-Czas\/wp-json\/wp\/v2\/types\/page"}],"author":[{"embeddable":true,"href":"https:\/\/www.worldclock.com\/Aktualny-Czas\/wp-json\/wp\/v2\/users\/1"}],"replies":[{"embeddable":true,"href":"https:\/\/www.worldclock.com\/Aktualny-Czas\/wp-json\/wp\/v2\/comments?post=6092"}],"version-history":[{"count":0,"href":"https:\/\/www.worldclock.com\/Aktualny-Czas\/wp-json\/wp\/v2\/pages\/6092\/revisions"}],"up":[{"embeddable":true,"href":"https:\/\/www.worldclock.com\/Aktualny-Czas\/wp-json\/wp\/v2\/pages\/6055"}],"wp:featuredmedia":[{"embeddable":true,"href":"https:\/\/www.worldclock.com\/Aktualny-Czas\/wp-json\/wp\/v2\/media\/3734"}],"wp:attachment":[{"href":"https:\/\/www.worldclock.com\/Aktualny-Czas\/wp-json\/wp\/v2\/media?parent=6092"}],"wp:term":[{"taxonomy":"category","embeddable":true,"href":"https:\/\/www.worldclock.com\/Aktualny-Czas\/wp-json\/wp\/v2\/categories?post=6092"},{"taxonomy":"post_tag","embeddable":true,"href":"https:\/\/www.worldclock.com\/Aktualny-Czas\/wp-json\/wp\/v2\/tags?post=6092"}],"curies":[{"name":"wp","href":"https:\/\/api.w.org\/{rel}","templated":true}]}}