{"id":6094,"date":"2017-01-17T02:30:10","date_gmt":"2017-01-17T02:30:10","guid":{"rendered":"http:\/\/worldclock.com\/?page_id=6094"},"modified":"2017-01-17T02:30:31","modified_gmt":"2017-01-17T02:30:31","slug":"komory","status":"publish","type":"page","link":"https:\/\/www.worldclock.com\/Aktualny-Czas\/afryka\/komory\/","title":{"rendered":"Komory"},"content":{"rendered":"<p>Komory, znany te\u017c pod nazw\u0105 Zwi\u0105zek Komor\u00f3w jest ma\u0142ym krajem wyspiarskim. Stolic\u0105 kraju jest Moroni a jego oficjalnymi j\u0119zykami s\u0105 komoryjski, arabski i francuski. Komory po\u0142o\u017cone s\u0105 na Oceanie Indyjskim pomi\u0119dzy Madagaskarem a <a href=\"http:\/\/www.worldclock.com\/pl\/afryka\/\">Afryk\u0105<\/a>, liczba mieszka\u0144c\u00f3w wynosi 798,000. Walut\u0105 u\u017cywan\u0105 tu jest frank komoryjski (KMF). <\/p>\n","protected":false},"excerpt":{"rendered":"<p>Komory, znany te\u017c pod nazw\u0105 Zwi\u0105zek Komor\u00f3w jest ma\u0142ym krajem wyspiarskim. Stolic\u0105 kraju jest Moroni a jego oficjalnymi j\u0119zykami s\u0105 komoryjski, arabski i francuski. Komory po\u0142o\u017cone s\u0105 na Oceanie Indyjskim pomi\u0119dzy Madagaskarem a Afryk\u0105, liczba mieszka\u0144c\u00f3w wynosi 798,000. Walut\u0105 u\u017cywan\u0105 tu jest frank komoryjski (KMF).<\/p>\n","protected":false},"author":1,"featured_media":3739,"parent":6055,"menu_order":0,"comment_status":"closed","ping_status":"closed","template":"custom-page-templates-countrypage.php","meta":{"_acf_changed":false,"footnotes":""},"categories":[],"tags":[],"class_list":["post-6094","page","type-page","status-publish","has-post-thumbnail","hentry"],"acf":[],"_links":{"self":[{"href":"https:\/\/www.worldclock.com\/Aktualny-Czas\/wp-json\/wp\/v2\/pages\/6094","targetHints":{"allow":["GET"]}}],"collection":[{"href":"https:\/\/www.worldclock.com\/Aktualny-Czas\/wp-json\/wp\/v2\/pages"}],"about":[{"href":"https:\/\/www.worldclock.com\/Aktualny-Czas\/wp-json\/wp\/v2\/types\/page"}],"author":[{"embeddable":true,"href":"https:\/\/www.worldclock.com\/Aktualny-Czas\/wp-json\/wp\/v2\/users\/1"}],"replies":[{"embeddable":true,"href":"https:\/\/www.worldclock.com\/Aktualny-Czas\/wp-json\/wp\/v2\/comments?post=6094"}],"version-history":[{"count":0,"href":"https:\/\/www.worldclock.com\/Aktualny-Czas\/wp-json\/wp\/v2\/pages\/6094\/revisions"}],"up":[{"embeddable":true,"href":"https:\/\/www.worldclock.com\/Aktualny-Czas\/wp-json\/wp\/v2\/pages\/6055"}],"wp:featuredmedia":[{"embeddable":true,"href":"https:\/\/www.worldclock.com\/Aktualny-Czas\/wp-json\/wp\/v2\/media\/3739"}],"wp:attachment":[{"href":"https:\/\/www.worldclock.com\/Aktualny-Czas\/wp-json\/wp\/v2\/media?parent=6094"}],"wp:term":[{"taxonomy":"category","embeddable":true,"href":"https:\/\/www.worldclock.com\/Aktualny-Czas\/wp-json\/wp\/v2\/categories?post=6094"},{"taxonomy":"post_tag","embeddable":true,"href":"https:\/\/www.worldclock.com\/Aktualny-Czas\/wp-json\/wp\/v2\/tags?post=6094"}],"curies":[{"name":"wp","href":"https:\/\/api.w.org\/{rel}","templated":true}]}}