{"id":6096,"date":"2017-01-17T02:31:28","date_gmt":"2017-01-17T02:31:28","guid":{"rendered":"http:\/\/worldclock.com\/?page_id=6096"},"modified":"2017-01-17T02:31:52","modified_gmt":"2017-01-17T02:31:52","slug":"demokratyczna-republika-konga","status":"publish","type":"page","link":"https:\/\/www.worldclock.com\/Aktualny-Czas\/afryka\/demokratyczna-republika-konga\/","title":{"rendered":"Demokratyczna Republika Konga"},"content":{"rendered":"<p>Demokratyczna Republika Konga w latach od 1971 do 1997 oficjalnie znana pod nazw\u0105 Zair znajduje si\u0119 w <a href=\"http:\/\/www.worldclock.com\/pl\/afryka\/\">Afryce<\/a> \u015arodkowej. Stolic\u0105 kraju jest Kinszasa, oficjalnym j\u0119zykiem jest francuski, a ludno\u015b\u0107 liczy 71.7 milion\u00f3w mieszka\u0144c\u00f3w. Druga Wojna Kongijska, kt\u00f3ra zacz\u0119\u0142a si\u0119 w roku 1998, zebra\u0142a nawi\u0119ksze od II Wojny \u015bwiatowej \u017cniwo \u015bmierci, 5.4 miliony ofiar, w wi\u0119kszo\u015bci z powodu malarii, zapalenia p\u0142uc, biegunek i niedo\u017cywienia. Demokratyczna Republika Konga ma na swoim koncie najgorsze przypadki gwa\u0142t\u00f3w i przemocy seksualnej na \u015bwiecie. Walut\u0105 u\u017cywan\u0105 w kraju jest frank kongijski (CDF).  <\/p>\n","protected":false},"excerpt":{"rendered":"<p>Demokratyczna Republika Konga w latach od 1971 do 1997 oficjalnie znana pod nazw\u0105 Zair znajduje si\u0119 w Afryce \u015arodkowej. Stolic\u0105 kraju jest Kinszasa, oficjalnym j\u0119zykiem jest francuski, a ludno\u015b\u0107 liczy 71.7 milion\u00f3w mieszka\u0144c\u00f3w. Druga Wojna Kongijska, kt\u00f3ra zacz\u0119\u0142a si\u0119 w roku 1998, zebra\u0142a nawi\u0119ksze od II Wojny \u015bwiatowej \u017cniwo \u015bmierci, 5.4 miliony ofiar, w wi\u0119kszo\u015bci &hellip; <a href=\"https:\/\/www.worldclock.com\/Aktualny-Czas\/afryka\/demokratyczna-republika-konga\/\" class=\"more-link\"><\/a><\/p>\n","protected":false},"author":1,"featured_media":4581,"parent":6055,"menu_order":0,"comment_status":"closed","ping_status":"closed","template":"custom-page-templates-countrypage.php","meta":{"_acf_changed":false,"footnotes":""},"categories":[],"tags":[],"class_list":["post-6096","page","type-page","status-publish","has-post-thumbnail","hentry"],"acf":[],"_links":{"self":[{"href":"https:\/\/www.worldclock.com\/Aktualny-Czas\/wp-json\/wp\/v2\/pages\/6096","targetHints":{"allow":["GET"]}}],"collection":[{"href":"https:\/\/www.worldclock.com\/Aktualny-Czas\/wp-json\/wp\/v2\/pages"}],"about":[{"href":"https:\/\/www.worldclock.com\/Aktualny-Czas\/wp-json\/wp\/v2\/types\/page"}],"author":[{"embeddable":true,"href":"https:\/\/www.worldclock.com\/Aktualny-Czas\/wp-json\/wp\/v2\/users\/1"}],"replies":[{"embeddable":true,"href":"https:\/\/www.worldclock.com\/Aktualny-Czas\/wp-json\/wp\/v2\/comments?post=6096"}],"version-history":[{"count":0,"href":"https:\/\/www.worldclock.com\/Aktualny-Czas\/wp-json\/wp\/v2\/pages\/6096\/revisions"}],"up":[{"embeddable":true,"href":"https:\/\/www.worldclock.com\/Aktualny-Czas\/wp-json\/wp\/v2\/pages\/6055"}],"wp:featuredmedia":[{"embeddable":true,"href":"https:\/\/www.worldclock.com\/Aktualny-Czas\/wp-json\/wp\/v2\/media\/4581"}],"wp:attachment":[{"href":"https:\/\/www.worldclock.com\/Aktualny-Czas\/wp-json\/wp\/v2\/media?parent=6096"}],"wp:term":[{"taxonomy":"category","embeddable":true,"href":"https:\/\/www.worldclock.com\/Aktualny-Czas\/wp-json\/wp\/v2\/categories?post=6096"},{"taxonomy":"post_tag","embeddable":true,"href":"https:\/\/www.worldclock.com\/Aktualny-Czas\/wp-json\/wp\/v2\/tags?post=6096"}],"curies":[{"name":"wp","href":"https:\/\/api.w.org\/{rel}","templated":true}]}}