{"id":6130,"date":"2017-01-17T03:05:10","date_gmt":"2017-01-17T03:05:10","guid":{"rendered":"http:\/\/worldclock.com\/?page_id=6130"},"modified":"2017-01-17T03:05:47","modified_gmt":"2017-01-17T03:05:47","slug":"lesotho","status":"publish","type":"page","link":"https:\/\/www.worldclock.com\/Aktualny-Czas\/afryka\/lesotho\/","title":{"rendered":"Lesotho"},"content":{"rendered":"<p>Lesotho to ma\u0142y \u015br\u00f3dl\u0105dowy kraj le\u017c\u0105cy w <a href=\"http:\/\/www.worldclock.com\/pl\/afryka\/\">Afryce<\/a> Po\u0142udniowej. Znany jako Kr\u00f3lestwo Podniebne z powodu wysoko\u015bci na kt\u00f3rej jest po\u0142o\u017cone, jego najni\u017cej po\u0142o\u017cone miejsce by\u0142oby najwy\u017cszym punktem w jakimkolwiek innym kraju (1400m) i jako jedyny kraj na \u015bwiecie le\u017cy w ca\u0142o\u015bci na wysoko\u015bci powy\u017cej 1000m npm. Stolic\u0105 kraju jest Maseru. Lesotho cieszy si\u0119 prawie 300 dniami s\u0142onecznymi z por\u0105 deszczow\u0105 od pa\u017adziernika do kwietnia, w tym czasie opady deszczu w Lesotho wynosz\u0105 70mm, a to przede wszystkim w czasie silnych burz. Intensywne opady \u015bniegu s\u0105 cz\u0119ste w okresie zimowym, ale na takiej wysoko\u015bci w g\u00f3rach mog\u0105 zdarzy\u0107 si\u0119 kiedykolwiek w ci\u0105gu roku.<br \/>\nZa koncepcj\u0105 stworzenia Kr\u00f3lestwa Lesotho sta\u0142o poszukiwanie pokoju. Lud tutejszy jest przyjacielski i ch\u0119tnie wita przybysz\u00f3w, nie dzieli te\u017c reputacji ludu agresywnego jak ich s\u0105siedzi. Mieszka\u0144cy kraju s\u0105 szczeg\u00f3lnie wdzieczni Brytyjczykom, kt\u00f3rych uwa\u017caj\u0105 za swoich wyzwolicieli spod re\u017cimu apartheidu. Walut\u0105 u\u017cywan\u0105 w Lesotho jest loti lub po\u0142udniowo afryka\u0144ski rand.  <\/p>\n","protected":false},"excerpt":{"rendered":"<p>Lesotho to ma\u0142y \u015br\u00f3dl\u0105dowy kraj le\u017c\u0105cy w Afryce Po\u0142udniowej. Znany jako Kr\u00f3lestwo Podniebne z powodu wysoko\u015bci na kt\u00f3rej jest po\u0142o\u017cone, jego najni\u017cej po\u0142o\u017cone miejsce by\u0142oby najwy\u017cszym punktem w jakimkolwiek innym kraju (1400m) i jako jedyny kraj na \u015bwiecie le\u017cy w ca\u0142o\u015bci na wysoko\u015bci powy\u017cej 1000m npm. Stolic\u0105 kraju jest Maseru. Lesotho cieszy si\u0119 prawie 300 &hellip; <a href=\"https:\/\/www.worldclock.com\/Aktualny-Czas\/afryka\/lesotho\/\" class=\"more-link\"><\/a><\/p>\n","protected":false},"author":1,"featured_media":3778,"parent":6055,"menu_order":0,"comment_status":"closed","ping_status":"closed","template":"custom-page-templates-countrypage.php","meta":{"_acf_changed":false,"footnotes":""},"categories":[],"tags":[],"class_list":["post-6130","page","type-page","status-publish","has-post-thumbnail","hentry"],"acf":[],"_links":{"self":[{"href":"https:\/\/www.worldclock.com\/Aktualny-Czas\/wp-json\/wp\/v2\/pages\/6130","targetHints":{"allow":["GET"]}}],"collection":[{"href":"https:\/\/www.worldclock.com\/Aktualny-Czas\/wp-json\/wp\/v2\/pages"}],"about":[{"href":"https:\/\/www.worldclock.com\/Aktualny-Czas\/wp-json\/wp\/v2\/types\/page"}],"author":[{"embeddable":true,"href":"https:\/\/www.worldclock.com\/Aktualny-Czas\/wp-json\/wp\/v2\/users\/1"}],"replies":[{"embeddable":true,"href":"https:\/\/www.worldclock.com\/Aktualny-Czas\/wp-json\/wp\/v2\/comments?post=6130"}],"version-history":[{"count":0,"href":"https:\/\/www.worldclock.com\/Aktualny-Czas\/wp-json\/wp\/v2\/pages\/6130\/revisions"}],"up":[{"embeddable":true,"href":"https:\/\/www.worldclock.com\/Aktualny-Czas\/wp-json\/wp\/v2\/pages\/6055"}],"wp:featuredmedia":[{"embeddable":true,"href":"https:\/\/www.worldclock.com\/Aktualny-Czas\/wp-json\/wp\/v2\/media\/3778"}],"wp:attachment":[{"href":"https:\/\/www.worldclock.com\/Aktualny-Czas\/wp-json\/wp\/v2\/media?parent=6130"}],"wp:term":[{"taxonomy":"category","embeddable":true,"href":"https:\/\/www.worldclock.com\/Aktualny-Czas\/wp-json\/wp\/v2\/categories?post=6130"},{"taxonomy":"post_tag","embeddable":true,"href":"https:\/\/www.worldclock.com\/Aktualny-Czas\/wp-json\/wp\/v2\/tags?post=6130"}],"curies":[{"name":"wp","href":"https:\/\/api.w.org\/{rel}","templated":true}]}}