{"id":6134,"date":"2017-01-17T03:10:51","date_gmt":"2017-01-17T03:10:51","guid":{"rendered":"http:\/\/worldclock.com\/?page_id=6134"},"modified":"2017-01-17T03:11:44","modified_gmt":"2017-01-17T03:11:44","slug":"libia","status":"publish","type":"page","link":"https:\/\/www.worldclock.com\/Aktualny-Czas\/afryka\/libia\/","title":{"rendered":"Libia"},"content":{"rendered":"<p>Libia jest krajem polo\u017conym w regionie Maghreb w <a href=\"http:\/\/www.worldclock.com\/pl\/afryka\/\">Afryce<\/a> P\u00f3\u0142nocnej, od p\u00f3\u0142nocy graniczy z Morzem \u015arodziemnym, od wschodu z Egiptem, z Sudanem od po\u0142udniowego-wschodu, od po\u0142udnia z Czadem i Nigeri\u0105, a od zachodu z Algeri\u0105 i Tunezj\u0105. Libia byla kolebk\u0105 handlu od czas\u00f3w staro\u017cytnych i zajmuje du\u017ce terytorium; zasadniczo jest czwartym co do wielko\u015bci krajem w <a href=\"http:\/\/www.worldclock.com\/pl\/afryka\/\">Afryce<\/a> i 16 nawi\u0119kszym krajem w skali \u015bwiatowej. W dodatku posiada znaczne zasoby ropy (10-te na \u015bwiecie). Stolic\u0105 kraju jest Trypolis. W Libii mo\u017cna zaobserwowa\u0107 pi\u0119\u0107 stref klimatycznych, w tym dominuj\u0105cymi s\u0105 klimat \u015br\u00f3dziemnomorski, z ciep\u0142ym latem i \u0142agodn\u0105 zim\u0105, przy sporadycznych opadach deszczu. W g\u0142\u0119bi kraju pogoda staje si\u0119 znacznie zimniejsza, mo\u017cna do\u015bwiadczy\u0107 temperatur minusowych na najwi\u0119kszych wysoko\u015bciach.<br \/>\nWalut\u0105 u\u017cywan\u0105 w Libii jest libijski dinar.<\/p>\n","protected":false},"excerpt":{"rendered":"<p>Libia jest krajem polo\u017conym w regionie Maghreb w Afryce P\u00f3\u0142nocnej, od p\u00f3\u0142nocy graniczy z Morzem \u015arodziemnym, od wschodu z Egiptem, z Sudanem od po\u0142udniowego-wschodu, od po\u0142udnia z Czadem i Nigeri\u0105, a od zachodu z Algeri\u0105 i Tunezj\u0105. Libia byla kolebk\u0105 handlu od czas\u00f3w staro\u017cytnych i zajmuje du\u017ce terytorium; zasadniczo jest czwartym co do wielko\u015bci krajem &hellip; <a href=\"https:\/\/www.worldclock.com\/Aktualny-Czas\/afryka\/libia\/\" class=\"more-link\"><\/a><\/p>\n","protected":false},"author":1,"featured_media":3786,"parent":6055,"menu_order":0,"comment_status":"closed","ping_status":"closed","template":"custom-page-templates-countrypage.php","meta":{"_acf_changed":false,"footnotes":""},"categories":[],"tags":[],"class_list":["post-6134","page","type-page","status-publish","has-post-thumbnail","hentry"],"acf":[],"_links":{"self":[{"href":"https:\/\/www.worldclock.com\/Aktualny-Czas\/wp-json\/wp\/v2\/pages\/6134","targetHints":{"allow":["GET"]}}],"collection":[{"href":"https:\/\/www.worldclock.com\/Aktualny-Czas\/wp-json\/wp\/v2\/pages"}],"about":[{"href":"https:\/\/www.worldclock.com\/Aktualny-Czas\/wp-json\/wp\/v2\/types\/page"}],"author":[{"embeddable":true,"href":"https:\/\/www.worldclock.com\/Aktualny-Czas\/wp-json\/wp\/v2\/users\/1"}],"replies":[{"embeddable":true,"href":"https:\/\/www.worldclock.com\/Aktualny-Czas\/wp-json\/wp\/v2\/comments?post=6134"}],"version-history":[{"count":0,"href":"https:\/\/www.worldclock.com\/Aktualny-Czas\/wp-json\/wp\/v2\/pages\/6134\/revisions"}],"up":[{"embeddable":true,"href":"https:\/\/www.worldclock.com\/Aktualny-Czas\/wp-json\/wp\/v2\/pages\/6055"}],"wp:featuredmedia":[{"embeddable":true,"href":"https:\/\/www.worldclock.com\/Aktualny-Czas\/wp-json\/wp\/v2\/media\/3786"}],"wp:attachment":[{"href":"https:\/\/www.worldclock.com\/Aktualny-Czas\/wp-json\/wp\/v2\/media?parent=6134"}],"wp:term":[{"taxonomy":"category","embeddable":true,"href":"https:\/\/www.worldclock.com\/Aktualny-Czas\/wp-json\/wp\/v2\/categories?post=6134"},{"taxonomy":"post_tag","embeddable":true,"href":"https:\/\/www.worldclock.com\/Aktualny-Czas\/wp-json\/wp\/v2\/tags?post=6134"}],"curies":[{"name":"wp","href":"https:\/\/api.w.org\/{rel}","templated":true}]}}