{"id":6150,"date":"2017-01-17T03:26:20","date_gmt":"2017-01-17T03:26:20","guid":{"rendered":"http:\/\/worldclock.com\/?page_id=6150"},"modified":"2017-01-17T03:26:52","modified_gmt":"2017-01-17T03:26:52","slug":"namibia","status":"publish","type":"page","link":"https:\/\/www.worldclock.com\/Aktualny-Czas\/afryka\/namibia\/","title":{"rendered":"Namibia"},"content":{"rendered":"<p>Namibia znajduje si\u0119 w <a href=\"http:\/\/www.worldclock.com\/pl\/afryka\/\">Afryce<\/a> Po\u0142udniowej, graniczy z <a href=\"http:\/\/www.worldclock.com\/pl\/afryka\/\">Afryk\u0105<\/a> Po\u0142uniow\u0105, Botswan\u0105, Angol\u0105, Zambi\u0105 i Oceanem Atlantyckim. Stolic\u0105 kraju jest Windhoek. Namibia jest drugim po Mongolii na \u015bwiecie krajem, w kt\u00f3rym na du\u017cej powierzchni zamieszkuje ma\u0142\u0105 liczba mieszka\u0144c\u00f3w. Jednakz\u0119 mo\u017cna tam napotka\u0107 takie atrakcje przyrodnicze jak pustynia Namib, Prze\u0142om Fish River, Park Narodowy Etosha i pustynia Kalahari.<br \/>\nNamibianie pos\u0142uguj\u0105 si\u0119 r\u00f3\u017cnymi j\u0119zykami w\u0142\u0105cznie  z nies\u0142awnymi j\u0119zykami \u201cklik\u201d kt\u00f3re wprawia\u0142y w zak\u0142opotanie zachodnich lingwist\u00f3w przez setki lat. Namibia jest jednym z kraj\u00f3w przoduj\u0105cych w produkcji diament\u00f3w, jedne z njalepszych jako\u015bciowo klejnot\u00f3w pochodz\u0105 stamt\u0105d. Urz\u0119dowym j\u0119zykiem jest angielski i w\u0142\u0105\u015bnie nim wi\u0119kszo\u015b\u0107 mieszka\u0144c\u00f3w pos\u0142uguje si\u0119.  Jednak\u017ce dla wi\u0119kszo\u015bci starszych Nmibijczyk\u00f3w, tych kt\u00f3rzy uzyskali wykrzta\u0142cenie przed uzyskaniem niepodleg\u0142o\u015bci angielski stanowi ich trzeci j\u0119zyk; standardy s\u0105 raczej ubogie. D\u0142ugo\u015b\u0107 \u017cycia Namibijczyk\u00f3w jest szokuj\u0105co kr\u00f3rka, si\u0119gaj\u0105ca 51.62 lat \u017cycia.<br \/>\nOficjaln\u0105 walut\u0105 u\u017cywana w Namibii jest namibijski dilar (N$).  <\/p>\n","protected":false},"excerpt":{"rendered":"<p>Namibia znajduje si\u0119 w Afryce Po\u0142udniowej, graniczy z Afryk\u0105 Po\u0142uniow\u0105, Botswan\u0105, Angol\u0105, Zambi\u0105 i Oceanem Atlantyckim. Stolic\u0105 kraju jest Windhoek. Namibia jest drugim po Mongolii na \u015bwiecie krajem, w kt\u00f3rym na du\u017cej powierzchni zamieszkuje ma\u0142\u0105 liczba mieszka\u0144c\u00f3w. Jednakz\u0119 mo\u017cna tam napotka\u0107 takie atrakcje przyrodnicze jak pustynia Namib, Prze\u0142om Fish River, Park Narodowy Etosha i pustynia &hellip; <a href=\"https:\/\/www.worldclock.com\/Aktualny-Czas\/afryka\/namibia\/\" class=\"more-link\"><\/a><\/p>\n","protected":false},"author":1,"featured_media":3830,"parent":6055,"menu_order":0,"comment_status":"closed","ping_status":"closed","template":"custom-page-templates-countrypage.php","meta":{"_acf_changed":false,"footnotes":""},"categories":[],"tags":[],"class_list":["post-6150","page","type-page","status-publish","has-post-thumbnail","hentry"],"acf":[],"_links":{"self":[{"href":"https:\/\/www.worldclock.com\/Aktualny-Czas\/wp-json\/wp\/v2\/pages\/6150","targetHints":{"allow":["GET"]}}],"collection":[{"href":"https:\/\/www.worldclock.com\/Aktualny-Czas\/wp-json\/wp\/v2\/pages"}],"about":[{"href":"https:\/\/www.worldclock.com\/Aktualny-Czas\/wp-json\/wp\/v2\/types\/page"}],"author":[{"embeddable":true,"href":"https:\/\/www.worldclock.com\/Aktualny-Czas\/wp-json\/wp\/v2\/users\/1"}],"replies":[{"embeddable":true,"href":"https:\/\/www.worldclock.com\/Aktualny-Czas\/wp-json\/wp\/v2\/comments?post=6150"}],"version-history":[{"count":0,"href":"https:\/\/www.worldclock.com\/Aktualny-Czas\/wp-json\/wp\/v2\/pages\/6150\/revisions"}],"up":[{"embeddable":true,"href":"https:\/\/www.worldclock.com\/Aktualny-Czas\/wp-json\/wp\/v2\/pages\/6055"}],"wp:featuredmedia":[{"embeddable":true,"href":"https:\/\/www.worldclock.com\/Aktualny-Czas\/wp-json\/wp\/v2\/media\/3830"}],"wp:attachment":[{"href":"https:\/\/www.worldclock.com\/Aktualny-Czas\/wp-json\/wp\/v2\/media?parent=6150"}],"wp:term":[{"taxonomy":"category","embeddable":true,"href":"https:\/\/www.worldclock.com\/Aktualny-Czas\/wp-json\/wp\/v2\/categories?post=6150"},{"taxonomy":"post_tag","embeddable":true,"href":"https:\/\/www.worldclock.com\/Aktualny-Czas\/wp-json\/wp\/v2\/tags?post=6150"}],"curies":[{"name":"wp","href":"https:\/\/api.w.org\/{rel}","templated":true}]}}