{"id":6156,"date":"2017-01-17T03:29:42","date_gmt":"2017-01-17T03:29:42","guid":{"rendered":"http:\/\/worldclock.com\/?page_id=6156"},"modified":"2017-01-17T03:29:48","modified_gmt":"2017-01-17T03:29:48","slug":"republika-konga","status":"publish","type":"page","link":"https:\/\/www.worldclock.com\/Aktualny-Czas\/afryka\/republika-konga\/","title":{"rendered":"Republika Konga"},"content":{"rendered":"<p>Republika Konga, kt\u00f3ra znajduje sie w <a href=\"http:\/\/www.worldclock.com\/pl\/afryka\/\">Afryce<\/a>, jest dawn\u0105 kloni\u0105 francusk\u0105 I uzyska\u0142a swoj\u0105 niepodlwg\u0142o\u015b\u0107 w roku 1960. Stolic\u0105 kraju jest Brazzaville, j\u0119zyiem urz\u0119dowym francuaki a ludnos\u0107 liczy prawie 3.7 miliona. Na p\u00f3\u0142nocy kraju znajduj\u0105 si\u0119 wielkie obszary las\u00f3w deszczowych, jednak kraj posiada te\u017c wiele gospodarstw na po\u0142udniu kraju na kt\u00f3rych rosn\u0105 drzewa bananowe, orzech ziemne i inne uprawy. Walut\u0105 u\u017cywan\u0105 jest \u015brodkowo afryka\u0144ski CFA. <\/p>\n","protected":false},"excerpt":{"rendered":"<p>Republika Konga, kt\u00f3ra znajduje sie w Afryce, jest dawn\u0105 kloni\u0105 francusk\u0105 I uzyska\u0142a swoj\u0105 niepodlwg\u0142o\u015b\u0107 w roku 1960. Stolic\u0105 kraju jest Brazzaville, j\u0119zyiem urz\u0119dowym francuaki a ludnos\u0107 liczy prawie 3.7 miliona. Na p\u00f3\u0142nocy kraju znajduj\u0105 si\u0119 wielkie obszary las\u00f3w deszczowych, jednak kraj posiada te\u017c wiele gospodarstw na po\u0142udniu kraju na kt\u00f3rych rosn\u0105 drzewa bananowe, orzech &hellip; <a href=\"https:\/\/www.worldclock.com\/Aktualny-Czas\/afryka\/republika-konga\/\" class=\"more-link\"><\/a><\/p>\n","protected":false},"author":1,"featured_media":4599,"parent":6055,"menu_order":0,"comment_status":"closed","ping_status":"closed","template":"custom-page-templates-countrypage.php","meta":{"_acf_changed":false,"footnotes":""},"categories":[],"tags":[],"class_list":["post-6156","page","type-page","status-publish","has-post-thumbnail","hentry"],"acf":[],"_links":{"self":[{"href":"https:\/\/www.worldclock.com\/Aktualny-Czas\/wp-json\/wp\/v2\/pages\/6156","targetHints":{"allow":["GET"]}}],"collection":[{"href":"https:\/\/www.worldclock.com\/Aktualny-Czas\/wp-json\/wp\/v2\/pages"}],"about":[{"href":"https:\/\/www.worldclock.com\/Aktualny-Czas\/wp-json\/wp\/v2\/types\/page"}],"author":[{"embeddable":true,"href":"https:\/\/www.worldclock.com\/Aktualny-Czas\/wp-json\/wp\/v2\/users\/1"}],"replies":[{"embeddable":true,"href":"https:\/\/www.worldclock.com\/Aktualny-Czas\/wp-json\/wp\/v2\/comments?post=6156"}],"version-history":[{"count":0,"href":"https:\/\/www.worldclock.com\/Aktualny-Czas\/wp-json\/wp\/v2\/pages\/6156\/revisions"}],"up":[{"embeddable":true,"href":"https:\/\/www.worldclock.com\/Aktualny-Czas\/wp-json\/wp\/v2\/pages\/6055"}],"wp:featuredmedia":[{"embeddable":true,"href":"https:\/\/www.worldclock.com\/Aktualny-Czas\/wp-json\/wp\/v2\/media\/4599"}],"wp:attachment":[{"href":"https:\/\/www.worldclock.com\/Aktualny-Czas\/wp-json\/wp\/v2\/media?parent=6156"}],"wp:term":[{"taxonomy":"category","embeddable":true,"href":"https:\/\/www.worldclock.com\/Aktualny-Czas\/wp-json\/wp\/v2\/categories?post=6156"},{"taxonomy":"post_tag","embeddable":true,"href":"https:\/\/www.worldclock.com\/Aktualny-Czas\/wp-json\/wp\/v2\/tags?post=6156"}],"curies":[{"name":"wp","href":"https:\/\/api.w.org\/{rel}","templated":true}]}}