{"id":6160,"date":"2017-01-17T03:31:58","date_gmt":"2017-01-17T03:31:58","guid":{"rendered":"http:\/\/worldclock.com\/?page_id=6160"},"modified":"2017-01-17T03:34:32","modified_gmt":"2017-01-17T03:34:32","slug":"wyspy-swietego-tomasza-i-ksiazeca","status":"publish","type":"page","link":"https:\/\/www.worldclock.com\/Aktualny-Czas\/afryka\/wyspy-swietego-tomasza-i-ksiazeca\/","title":{"rendered":"Wyspy \u015awietego Tomasza i Ksi\u0105\u017c\u0119ca"},"content":{"rendered":"<p>Wyspy \u015awietego Tomasza i Ksi\u0105\u017c\u0119ca (cz\u0119sto nazywane po prostu w skr\u00f3cie \u201cWysp\u0105 \u015aw Tomasza) to ma\u0142y kraj wyspiarski po\u0142o\u017cony nieopodal wybrze\u017cy Oceanu Atlantyckiego   Afryki \u015arodkowej na Zatoce Gwinejskiej po obu stronach r\u00f3wnika, na zach\u00f3d od Gabonu. Stolic\u0105 kraju jest  S\u00e3o Tom\u00e9. Wyspa zosta\u0142a odkryta po raz pierwszy przez Portugalczyk\u00f3w, kt\u00f3rzy uznali j\u0105 za swoj\u0105 w\u0142asno\u015b\u0107 w wieku wielkich odkry\u0107. Pocz\u0105tkowo ekonomia kraju bazowa\u0142a na produkcji cukru, lecz w XIX wieku pierwsze iejsca obj\u0119\u0142y kawa i kakao. Bardzo interesuj\u0105cym faktem dotycz\u0105cym tego kraju wyspiarskiego jest to, \u017ce plantacje I niewolnictwo w wielu nowych postaciach przetrwa\u0142y do wieku XX. W ko\u0144cu kraj uzyska\u0142 niepodleg\u0142o\u015b\u0107 w 1975 roku, a refomy demokratycznie nie zosta\u0142y wprowadzone w \u017cycie a\u017c do p\u00f3\u017aniejszych lat 1980, a pierwsze wolne wybory odby\u0142y si\u0119 w 1991.<br \/>\nKraj nadal jest daleki od samodzielno\u015bci, \u015aw Tomasz musi bowiem importowa\u0107 ca\u0142\u0119 potrzene paliwo, wi\u0119kszo\u015b\u0107 d\u00f3br uko\u0144czonych, surowce materialne i dobra konsumenckie. Gospodarka opiera si\u0119 g\u0142\u00f3wnie o rodukcj\u0119 kakao i zagraniczn\u0105 pomoc humanitarn\u0105.<br \/>\nUrz\u0119dowym j\u0119zykiem Wyspy \u015awietego Tomasza i Ksi\u0105\u017c\u0119cej jest portugalski. To jest j\u0119zyk ojczysty wi\u0119kszo\u015bci ludno\u015bci, lecz zasadniczo ka\u017cdy (95%) pos\u0142uguje si\u0119 nim. Innymi g\u0142\u00f3wnymi j\u0119zykami s\u0105 Forro i utworzony z portugalskiego j\u0119zyk kreolski, kt\u00f3ry jest j\u0119zykiem ojczystym 43% ludno\u015bci.<br \/>\nWalut\u0105 kraju jest dobra. <\/p>\n","protected":false},"excerpt":{"rendered":"<p>Wyspy \u015awietego Tomasza i Ksi\u0105\u017c\u0119ca (cz\u0119sto nazywane po prostu w skr\u00f3cie \u201cWysp\u0105 \u015aw Tomasza) to ma\u0142y kraj wyspiarski po\u0142o\u017cony nieopodal wybrze\u017cy Oceanu Atlantyckiego Afryki \u015arodkowej na Zatoce Gwinejskiej po obu stronach r\u00f3wnika, na zach\u00f3d od Gabonu. Stolic\u0105 kraju jest S\u00e3o Tom\u00e9. Wyspa zosta\u0142a odkryta po raz pierwszy przez Portugalczyk\u00f3w, kt\u00f3rzy uznali j\u0105 za swoj\u0105 w\u0142asno\u015b\u0107 &hellip; <a href=\"https:\/\/www.worldclock.com\/Aktualny-Czas\/afryka\/wyspy-swietego-tomasza-i-ksiazeca\/\" class=\"more-link\"><\/a><\/p>\n","protected":false},"author":1,"featured_media":3850,"parent":6055,"menu_order":0,"comment_status":"closed","ping_status":"closed","template":"custom-page-templates-countrypage.php","meta":{"_acf_changed":false,"footnotes":""},"categories":[],"tags":[],"class_list":["post-6160","page","type-page","status-publish","has-post-thumbnail","hentry"],"acf":[],"_links":{"self":[{"href":"https:\/\/www.worldclock.com\/Aktualny-Czas\/wp-json\/wp\/v2\/pages\/6160","targetHints":{"allow":["GET"]}}],"collection":[{"href":"https:\/\/www.worldclock.com\/Aktualny-Czas\/wp-json\/wp\/v2\/pages"}],"about":[{"href":"https:\/\/www.worldclock.com\/Aktualny-Czas\/wp-json\/wp\/v2\/types\/page"}],"author":[{"embeddable":true,"href":"https:\/\/www.worldclock.com\/Aktualny-Czas\/wp-json\/wp\/v2\/users\/1"}],"replies":[{"embeddable":true,"href":"https:\/\/www.worldclock.com\/Aktualny-Czas\/wp-json\/wp\/v2\/comments?post=6160"}],"version-history":[{"count":0,"href":"https:\/\/www.worldclock.com\/Aktualny-Czas\/wp-json\/wp\/v2\/pages\/6160\/revisions"}],"up":[{"embeddable":true,"href":"https:\/\/www.worldclock.com\/Aktualny-Czas\/wp-json\/wp\/v2\/pages\/6055"}],"wp:featuredmedia":[{"embeddable":true,"href":"https:\/\/www.worldclock.com\/Aktualny-Czas\/wp-json\/wp\/v2\/media\/3850"}],"wp:attachment":[{"href":"https:\/\/www.worldclock.com\/Aktualny-Czas\/wp-json\/wp\/v2\/media?parent=6160"}],"wp:term":[{"taxonomy":"category","embeddable":true,"href":"https:\/\/www.worldclock.com\/Aktualny-Czas\/wp-json\/wp\/v2\/categories?post=6160"},{"taxonomy":"post_tag","embeddable":true,"href":"https:\/\/www.worldclock.com\/Aktualny-Czas\/wp-json\/wp\/v2\/tags?post=6160"}],"curies":[{"name":"wp","href":"https:\/\/api.w.org\/{rel}","templated":true}]}}