{"id":6174,"date":"2017-01-17T03:44:53","date_gmt":"2017-01-17T03:44:53","guid":{"rendered":"http:\/\/worldclock.com\/?page_id=6174"},"modified":"2017-01-17T03:45:30","modified_gmt":"2017-01-17T03:45:30","slug":"sudan","status":"publish","type":"page","link":"https:\/\/www.worldclock.com\/Aktualny-Czas\/afryka\/sudan\/","title":{"rendered":"Sudan"},"content":{"rendered":"<p>Sudan jest krajem w p\u00f3\u0142nocno wschodniej <a href=\"http:\/\/www.worldclock.com\/pl\/afryka\/\">Afryce<\/a>. Granicz\u0105cy od p\u00f3\u0142nocy z Egiptem, od wschodu z Morzem Czerwonym, Erytre\u0105, i Etiopi\u0105, od po\u0142udnia z Sudanem Po\u0142udniowym, na po\u0142udniowym zachodzie z Republik\u0105 \u015arodkowej Afryki, od zachodu z Czadem, od p\u00f3\u0142nocnego zachodu z  Libi\u0105 jest trzecim co do wielko\u015bci krajem Afryki. Przez kraj przep\u0142ywa rzeka Nil, kt\u00f3ry rozdziela go na dwie odr\u0119bne cz\u0119\u015bci. Stolic\u0105 kraju jest Hartum, kt\u00f3ry znajduje si\u0119 w samym \u015brodku kraju. Mocarstwa kolonialne pozostawi\u0142y jeszcze jeden bolesny \u015blad na zaistnieniu Sudanu, gdzie wojny domowe nieustannie by\u0142y prowadzone od ponad 40 lat. Podzia\u0142 Afryki przez pot\u0119gi imperialne nie wzia\u0142 pod uwag\u0119 wra\u017cliwych politycznie czynnik\u00f3w tych kraj\u00f3w. Sudan nie by\u0142 krajem homogenicznym i w\u0142a\u015bnie to doprowadzi\u0142\u00f3 do ca\u0142ych lat konflikt\u00f3w zbrojnych pomi\u0119dzy p\u00f3\u0142nocnymi a po\u0142udniowymi oddzia\u0142ami zbrojnymi Sudanu co w po\u017aniejszym okresie doprowadzi\u0142o do secesji.<br \/>\nZasadniczo Sudan jest skrajnie zr\u00f3\u017cnicowany zar\u00f3wno pod wzgledem geograficznym jak te\u017c kulturowym. Podczas, gdy wi\u0119kszo\u015b\u0107 ludno\u015bci stanowi\u0105 muzu\u0142manie nadal jest spora grupa chrze\u015bcijan i animist\u00f3w. J\u0119zykami urz\u0119dowymi s\u0105 arabski i angielski.<br \/>\nWalut\u0105 lokaln\u0105 Sudanu jest funt. <\/p>\n","protected":false},"excerpt":{"rendered":"<p>Sudan jest krajem w p\u00f3\u0142nocno wschodniej Afryce. Granicz\u0105cy od p\u00f3\u0142nocy z Egiptem, od wschodu z Morzem Czerwonym, Erytre\u0105, i Etiopi\u0105, od po\u0142udnia z Sudanem Po\u0142udniowym, na po\u0142udniowym zachodzie z Republik\u0105 \u015arodkowej Afryki, od zachodu z Czadem, od p\u00f3\u0142nocnego zachodu z Libi\u0105 jest trzecim co do wielko\u015bci krajem Afryki. Przez kraj przep\u0142ywa rzeka Nil, kt\u00f3ry rozdziela &hellip; <a href=\"https:\/\/www.worldclock.com\/Aktualny-Czas\/afryka\/sudan\/\" class=\"more-link\"><\/a><\/p>\n","protected":false},"author":1,"featured_media":3873,"parent":6055,"menu_order":0,"comment_status":"closed","ping_status":"closed","template":"custom-page-templates-countrypage.php","meta":{"_acf_changed":false,"footnotes":""},"categories":[],"tags":[],"class_list":["post-6174","page","type-page","status-publish","has-post-thumbnail","hentry"],"acf":[],"_links":{"self":[{"href":"https:\/\/www.worldclock.com\/Aktualny-Czas\/wp-json\/wp\/v2\/pages\/6174","targetHints":{"allow":["GET"]}}],"collection":[{"href":"https:\/\/www.worldclock.com\/Aktualny-Czas\/wp-json\/wp\/v2\/pages"}],"about":[{"href":"https:\/\/www.worldclock.com\/Aktualny-Czas\/wp-json\/wp\/v2\/types\/page"}],"author":[{"embeddable":true,"href":"https:\/\/www.worldclock.com\/Aktualny-Czas\/wp-json\/wp\/v2\/users\/1"}],"replies":[{"embeddable":true,"href":"https:\/\/www.worldclock.com\/Aktualny-Czas\/wp-json\/wp\/v2\/comments?post=6174"}],"version-history":[{"count":0,"href":"https:\/\/www.worldclock.com\/Aktualny-Czas\/wp-json\/wp\/v2\/pages\/6174\/revisions"}],"up":[{"embeddable":true,"href":"https:\/\/www.worldclock.com\/Aktualny-Czas\/wp-json\/wp\/v2\/pages\/6055"}],"wp:featuredmedia":[{"embeddable":true,"href":"https:\/\/www.worldclock.com\/Aktualny-Czas\/wp-json\/wp\/v2\/media\/3873"}],"wp:attachment":[{"href":"https:\/\/www.worldclock.com\/Aktualny-Czas\/wp-json\/wp\/v2\/media?parent=6174"}],"wp:term":[{"taxonomy":"category","embeddable":true,"href":"https:\/\/www.worldclock.com\/Aktualny-Czas\/wp-json\/wp\/v2\/categories?post=6174"},{"taxonomy":"post_tag","embeddable":true,"href":"https:\/\/www.worldclock.com\/Aktualny-Czas\/wp-json\/wp\/v2\/tags?post=6174"}],"curies":[{"name":"wp","href":"https:\/\/api.w.org\/{rel}","templated":true}]}}