{"id":6176,"date":"2017-01-17T03:46:26","date_gmt":"2017-01-17T03:46:26","guid":{"rendered":"http:\/\/worldclock.com\/?page_id=6176"},"modified":"2017-01-17T03:46:50","modified_gmt":"2017-01-17T03:46:50","slug":"suazi","status":"publish","type":"page","link":"https:\/\/www.worldclock.com\/Aktualny-Czas\/afryka\/suazi\/","title":{"rendered":"Suazi"},"content":{"rendered":"<p>Kr\u00f3lestwo Suazi jest ma\u0142ym krajem w  <a href=\"http:\/\/www.worldclock.com\/pl\/afryka\/\">Afryce<\/a> Po\u0142udniowej, po\u0142o\u017conym pomi\u0119szy <a href=\"http:\/\/www.worldclock.com\/pl\/afryka\/\">Afryk\u0105<\/a> Po\u0142udniow\u0105 a Mozambikiem. Posiada obszar 17. 363 kilometr\u00f3w kwadratowych, a ludno\u015b\u0107 liczy 1.304 milliona mieszka\u0144c\u00f3w, zgodnie ze \u015bredni\u0105 podan\u0105 przez ONZ na rok 2016. Jego stolic\u0105 jest Mbabane. Kraj swoj\u0105 nazw\u0119 otrzyma\u0142 od plemienia Bantu, kt\u00f3re si\u0119 tutaj osiedli\u0142o, inna jego nazwa to Zouazi. Pr\u00f3cz \u201eSuazi\u201d kraj te\u017c nosi nazw\u0119 \u2018Souatini\u2019 lub \u2018Ngkouani\u2019. Suazi jest jednym z najbiedniejszych kraj\u00f3w na ziemi. D\u0142ugo\u015b\u0107 \u017cycia jest bardzo niska 52.57 lat (dane z roku 2015). M\u0119\u017cczy\u017ani \u017cyj\u0105 \u015brednio 56.49 lat a kobieety 48.53 lat. Liczba zachorowa\u0144 na AIDS jest jedn\u0105 z najwy\u017cszych na \u015bwiecie.<br \/>\nIn April 2009 the EU included the country in the list of carriers banned from flying to the 27 W celu bezpiecze\u0144srtwa jest pa\u0144stwem cz\u0142onkoskim. Samochody je\u017cd\u017c\u0105 po lewej stronie jezdni, a drogi nie s\u0105 chronione drutem kolczastym jak w s\u0105siaduj\u0105cej <a href=\"http:\/\/www.worldclock.com\/pl\/afryka\/\">Afryce<\/a> Po\u0142udniowej st\u0105d kierowcy nieustannie napotykaj\u0105 na drogach stada kt\u00f3rre si\u0119 pas\u0105 bez dozoru cz\u0142owieka.<br \/>\nZnaleziska wskazuj\u0105 na ludzk\u0105 obecnos\u0107 w Suazi od epki kamienia \u0142upanego oko\u0142o 200\u00a0000 lat temu. I tak prehistoryczne malowid\u0142a na kamieniu pochodz\u0105 z czas\u00f3w od 19 wieku a\u017c do  25\u00a0000 lat temu. Pierwszymi mieszka\u0144cami regionu byli my\u015bliwi-zbieracze Koisan, kt\u00f3rzy byli stopniowo wypierani przez plemiona Bantu w zwiazku z migracj\u0105 z tersn\u00f3w jezior p\u00f3\u0142nocnych.<br \/>\nWalut\u0105 u\u017cywana w Suazi jest lilangeni,jest spi\u0119ta z rabdem po\u0142udniowo afryka\u0144skim<\/p>\n","protected":false},"excerpt":{"rendered":"<p>Kr\u00f3lestwo Suazi jest ma\u0142ym krajem w Afryce Po\u0142udniowej, po\u0142o\u017conym pomi\u0119szy Afryk\u0105 Po\u0142udniow\u0105 a Mozambikiem. Posiada obszar 17. 363 kilometr\u00f3w kwadratowych, a ludno\u015b\u0107 liczy 1.304 milliona mieszka\u0144c\u00f3w, zgodnie ze \u015bredni\u0105 podan\u0105 przez ONZ na rok 2016. Jego stolic\u0105 jest Mbabane. Kraj swoj\u0105 nazw\u0119 otrzyma\u0142 od plemienia Bantu, kt\u00f3re si\u0119 tutaj osiedli\u0142o, inna jego nazwa to Zouazi. &hellip; <a href=\"https:\/\/www.worldclock.com\/Aktualny-Czas\/afryka\/suazi\/\" class=\"more-link\"><\/a><\/p>\n","protected":false},"author":1,"featured_media":3875,"parent":6055,"menu_order":0,"comment_status":"closed","ping_status":"closed","template":"custom-page-templates-countrypage.php","meta":{"_acf_changed":false,"footnotes":""},"categories":[],"tags":[],"class_list":["post-6176","page","type-page","status-publish","has-post-thumbnail","hentry"],"acf":[],"_links":{"self":[{"href":"https:\/\/www.worldclock.com\/Aktualny-Czas\/wp-json\/wp\/v2\/pages\/6176","targetHints":{"allow":["GET"]}}],"collection":[{"href":"https:\/\/www.worldclock.com\/Aktualny-Czas\/wp-json\/wp\/v2\/pages"}],"about":[{"href":"https:\/\/www.worldclock.com\/Aktualny-Czas\/wp-json\/wp\/v2\/types\/page"}],"author":[{"embeddable":true,"href":"https:\/\/www.worldclock.com\/Aktualny-Czas\/wp-json\/wp\/v2\/users\/1"}],"replies":[{"embeddable":true,"href":"https:\/\/www.worldclock.com\/Aktualny-Czas\/wp-json\/wp\/v2\/comments?post=6176"}],"version-history":[{"count":0,"href":"https:\/\/www.worldclock.com\/Aktualny-Czas\/wp-json\/wp\/v2\/pages\/6176\/revisions"}],"up":[{"embeddable":true,"href":"https:\/\/www.worldclock.com\/Aktualny-Czas\/wp-json\/wp\/v2\/pages\/6055"}],"wp:featuredmedia":[{"embeddable":true,"href":"https:\/\/www.worldclock.com\/Aktualny-Czas\/wp-json\/wp\/v2\/media\/3875"}],"wp:attachment":[{"href":"https:\/\/www.worldclock.com\/Aktualny-Czas\/wp-json\/wp\/v2\/media?parent=6176"}],"wp:term":[{"taxonomy":"category","embeddable":true,"href":"https:\/\/www.worldclock.com\/Aktualny-Czas\/wp-json\/wp\/v2\/categories?post=6176"},{"taxonomy":"post_tag","embeddable":true,"href":"https:\/\/www.worldclock.com\/Aktualny-Czas\/wp-json\/wp\/v2\/tags?post=6176"}],"curies":[{"name":"wp","href":"https:\/\/api.w.org\/{rel}","templated":true}]}}