{"id":6184,"date":"2017-01-17T03:51:07","date_gmt":"2017-01-17T03:51:07","guid":{"rendered":"http:\/\/worldclock.com\/?page_id=6184"},"modified":"2017-01-17T03:51:32","modified_gmt":"2017-01-17T03:51:32","slug":"tunezja","status":"publish","type":"page","link":"https:\/\/www.worldclock.com\/Aktualny-Czas\/afryka\/tunezja\/","title":{"rendered":"Tunezja"},"content":{"rendered":"<p>Tunezja to kraj po\u0142o\u017cony na wybrze\u017cu Morza \u015ar\u00f3dziemnego w <a href=\"http:\/\/www.worldclock.com\/pl\/afryka\/\">Afryce<\/a> P\u00f3\u0142nocnej. To najmnijesze i najbardziej na wsch\u00f3d wysuni\u0119te pa\u0144stwo, kt\u00f3re rozci\u0105ga si\u0119 wzd\u0142u\u017c pasma g\u00f3r Atlas i graniczy z  Algeri\u0105  od zacodu, z Libi\u0105 od po\u0142udniowego wschodu. 40% kraju le\u017cy pod piaskami pustyni Sahara a reszta obejmuje \u017cyzne ziemie I dost\u0119pne wybrze\u017ce. W staro\u017cytno\u015bci po\u0142o\u017cenie geograficzne kraju odgrywa\u0142\u00f3 du\u017c\u0105 rol\u0119, najpierw ddotyczy\u0142o to Fenickiego miasta Kartaginy a p\u00f3\u017aniej prowincji afryka\u0144skiej, kt\u00f3ra by\u0142a spichlerzem Imperium Rzymskiego. W Tunezji panuje ustruj konstytucyjnej republiki, w kt\u00f3rej g\u0142ow\u0105 pa\u0144stwa jest prezydent, a przewodnicz\u0105cym premier. 26 stycznia 20014 roku przyj\u0119to now\u0105 konstytucj\u0119 kt\u00f3\u00aea gwarantuje r\u00f3wnouprawnienie dla kobiet oraz zastrzega, \u017ce prezydent \u201epowinien by\u0107 wyznawc\u0105 Islamu.\u201d W\u0142adz\u0119 wykonawcz\u0105 sprawuje rz\u0105d, a w\u0142adz\u0119 ustawodawcz\u0105 rz\u0105d wraz z jednokom\u00f3rkow\u0105 Izb\u0105 Reprezentant\u00f3w. Kadencja prezydencka trwa 5 lat. W pa\u017adzierniku 2014 odby\u0142y si\u0119 pierwsze w kraju wybory po przyj\u0119ciu nowej konstytucji po Wio\u015bnie Arabskiej. Wiele os\u00f3b uczestniczy\u0142o w wyborach, prawo wyborcze maj\u0105 osoby, kt\u00f3re uko\u0144czy\u0142y 18 lat.<br \/>\n\u015arednia d\u0142ugo\u015bci \u017cycia ca\u0142ej ludno\u015bci jest sta\u0142a I zgodnie z danymi z roku 2015 wynosi 75.89 (73.79 dla m\u0119\u017cczyzn I 78.14 dla kobiet). Oficjalna waluta to: dinar tunezki (TND)<\/p>\n","protected":false},"excerpt":{"rendered":"<p>Tunezja to kraj po\u0142o\u017cony na wybrze\u017cu Morza \u015ar\u00f3dziemnego w Afryce P\u00f3\u0142nocnej. To najmnijesze i najbardziej na wsch\u00f3d wysuni\u0119te pa\u0144stwo, kt\u00f3re rozci\u0105ga si\u0119 wzd\u0142u\u017c pasma g\u00f3r Atlas i graniczy z Algeri\u0105 od zacodu, z Libi\u0105 od po\u0142udniowego wschodu. 40% kraju le\u017cy pod piaskami pustyni Sahara a reszta obejmuje \u017cyzne ziemie I dost\u0119pne wybrze\u017ce. W staro\u017cytno\u015bci po\u0142o\u017cenie &hellip; <a href=\"https:\/\/www.worldclock.com\/Aktualny-Czas\/afryka\/tunezja\/\" class=\"more-link\"><\/a><\/p>\n","protected":false},"author":1,"featured_media":3890,"parent":6055,"menu_order":0,"comment_status":"closed","ping_status":"closed","template":"custom-page-templates-countrypage.php","meta":{"_acf_changed":false,"footnotes":""},"categories":[],"tags":[],"class_list":["post-6184","page","type-page","status-publish","has-post-thumbnail","hentry"],"acf":[],"_links":{"self":[{"href":"https:\/\/www.worldclock.com\/Aktualny-Czas\/wp-json\/wp\/v2\/pages\/6184","targetHints":{"allow":["GET"]}}],"collection":[{"href":"https:\/\/www.worldclock.com\/Aktualny-Czas\/wp-json\/wp\/v2\/pages"}],"about":[{"href":"https:\/\/www.worldclock.com\/Aktualny-Czas\/wp-json\/wp\/v2\/types\/page"}],"author":[{"embeddable":true,"href":"https:\/\/www.worldclock.com\/Aktualny-Czas\/wp-json\/wp\/v2\/users\/1"}],"replies":[{"embeddable":true,"href":"https:\/\/www.worldclock.com\/Aktualny-Czas\/wp-json\/wp\/v2\/comments?post=6184"}],"version-history":[{"count":0,"href":"https:\/\/www.worldclock.com\/Aktualny-Czas\/wp-json\/wp\/v2\/pages\/6184\/revisions"}],"up":[{"embeddable":true,"href":"https:\/\/www.worldclock.com\/Aktualny-Czas\/wp-json\/wp\/v2\/pages\/6055"}],"wp:featuredmedia":[{"embeddable":true,"href":"https:\/\/www.worldclock.com\/Aktualny-Czas\/wp-json\/wp\/v2\/media\/3890"}],"wp:attachment":[{"href":"https:\/\/www.worldclock.com\/Aktualny-Czas\/wp-json\/wp\/v2\/media?parent=6184"}],"wp:term":[{"taxonomy":"category","embeddable":true,"href":"https:\/\/www.worldclock.com\/Aktualny-Czas\/wp-json\/wp\/v2\/categories?post=6184"},{"taxonomy":"post_tag","embeddable":true,"href":"https:\/\/www.worldclock.com\/Aktualny-Czas\/wp-json\/wp\/v2\/tags?post=6184"}],"curies":[{"name":"wp","href":"https:\/\/api.w.org\/{rel}","templated":true}]}}