{"id":6188,"date":"2017-01-17T03:53:28","date_gmt":"2017-01-17T03:53:28","guid":{"rendered":"http:\/\/worldclock.com\/?page_id=6188"},"modified":"2017-01-17T03:53:54","modified_gmt":"2017-01-17T03:53:54","slug":"zambia","status":"publish","type":"page","link":"https:\/\/www.worldclock.com\/Aktualny-Czas\/afryka\/zambia\/","title":{"rendered":"Zambia"},"content":{"rendered":"<p>Zambia jest krajem \u015br\u00f3dl\u0105dowym na p\u00f3\u0142nocy Afryki Po\u0142udniowej zajmuje obszar 752 614 kilometr\u00f3w kwadratowych, a liczba ludno\u015bci, zgodnie z danymi z roku 2016 wynosi 15,933,883. Dawniej kraj ten by\u0142 koloni\u0105 brytyjsk\u0105, P\u00f3\u0142nocna Rodezja uzyska\u0142a niezale\u017cno\u015b\u0107 w 1964 roku i sta\u0142a sie Zambi\u0105. Swoj\u0105 nazw\u0119 przyj\u0119\u0142a iod Rzeki Zambezi. To najwi\u0119ksza rzeka w tym kraju. Graniczy on z Demokratyczn\u0105 Republik\u0105 Konga p\u00f3\u0142nocy, z Tanzani\u0105 od p\u00f3\u0142nocnego wschodu z Malawi od wschodu, z Mozambikiem, Zimbabwe, Botswan\u0105, Namibi\u0105 i po\u0142udniow\u0105 Angol\u0105 od zachodu. Nad\u0142u\u017cszy odcinek kraju rozci\u0105ga si\u0119  od po\u0142nocy na po\u0142udnie i wynosi 821 km, a od wschodu do zachodu 1389 km. Stolic\u0105 kraju jest Lusaka. J\u0119zykiem urz\u0119dowym jest angielski.<br \/>\nKrajobraz zambijski jest zdominowany przez sawann\u0119 poro\u015bniet\u0105 krzakami, wysok\u0105 traw\u0105 i ma\u0142ymi drzewami. Po\u0142udniowo zachodni\u0105 cz\u0119\u015b\u0107 tj. 28% powierrzchni kraju zajmuj\u0105 lasy tropikalne z r\u00f3\u017cnorodno\u015bci\u0105 drzew.  Ponad 8% Zambii znajduje sie pod protektoratem pa\u0144stwa w ramach 19 park\u00f3w narodowych. W Zambii mo\u017cna spotka\u0107 sie z r\u00f3\u017cnorodno\u015bci flory w\u0142\u0105cznie z papirusem, kt\u00f3ry ro\u015bnie na brzegach jeziora. W ZAmbii wyst\u0119puj\u0105 takie gatunki zwierz\u0105t jak s\u0142onie, nosoro\u017cce, hipopotamy, lamparty, lwy, hieny, dzikie koty, antylopy, \u017cyrafy, ma\u0142py, zebry, dzieke nied\u017awiedzie, bawo\u0142y, krokodyle i du\u017co innych rodzaj\u00f3w gad\u00f3w, ptak\u00f3w i insekt\u00f3w. Jako jeden z najbardziej uprzemys\u0142owionych kraj\u00f3w Afryki ska\u017cenie powietrza i kwa\u015bne deszcze stanowi\u0105 du\u017cy czynnik ryzyka dla zambijskiej flory i fauny. Oficjaln\u0105 walut\u0105 Zambii jest kwacha (ZMW).  <\/p>\n","protected":false},"excerpt":{"rendered":"<p>Zambia jest krajem \u015br\u00f3dl\u0105dowym na p\u00f3\u0142nocy Afryki Po\u0142udniowej zajmuje obszar 752 614 kilometr\u00f3w kwadratowych, a liczba ludno\u015bci, zgodnie z danymi z roku 2016 wynosi 15,933,883. Dawniej kraj ten by\u0142 koloni\u0105 brytyjsk\u0105, P\u00f3\u0142nocna Rodezja uzyska\u0142a niezale\u017cno\u015b\u0107 w 1964 roku i sta\u0142a sie Zambi\u0105. Swoj\u0105 nazw\u0119 przyj\u0119\u0142a iod Rzeki Zambezi. To najwi\u0119ksza rzeka w tym kraju. Graniczy &hellip; <a href=\"https:\/\/www.worldclock.com\/Aktualny-Czas\/afryka\/zambia\/\" class=\"more-link\"><\/a><\/p>\n","protected":false},"author":1,"featured_media":3900,"parent":6055,"menu_order":0,"comment_status":"closed","ping_status":"closed","template":"custom-page-templates-countrypage.php","meta":{"_acf_changed":false,"footnotes":""},"categories":[],"tags":[],"class_list":["post-6188","page","type-page","status-publish","has-post-thumbnail","hentry"],"acf":[],"_links":{"self":[{"href":"https:\/\/www.worldclock.com\/Aktualny-Czas\/wp-json\/wp\/v2\/pages\/6188","targetHints":{"allow":["GET"]}}],"collection":[{"href":"https:\/\/www.worldclock.com\/Aktualny-Czas\/wp-json\/wp\/v2\/pages"}],"about":[{"href":"https:\/\/www.worldclock.com\/Aktualny-Czas\/wp-json\/wp\/v2\/types\/page"}],"author":[{"embeddable":true,"href":"https:\/\/www.worldclock.com\/Aktualny-Czas\/wp-json\/wp\/v2\/users\/1"}],"replies":[{"embeddable":true,"href":"https:\/\/www.worldclock.com\/Aktualny-Czas\/wp-json\/wp\/v2\/comments?post=6188"}],"version-history":[{"count":0,"href":"https:\/\/www.worldclock.com\/Aktualny-Czas\/wp-json\/wp\/v2\/pages\/6188\/revisions"}],"up":[{"embeddable":true,"href":"https:\/\/www.worldclock.com\/Aktualny-Czas\/wp-json\/wp\/v2\/pages\/6055"}],"wp:featuredmedia":[{"embeddable":true,"href":"https:\/\/www.worldclock.com\/Aktualny-Czas\/wp-json\/wp\/v2\/media\/3900"}],"wp:attachment":[{"href":"https:\/\/www.worldclock.com\/Aktualny-Czas\/wp-json\/wp\/v2\/media?parent=6188"}],"wp:term":[{"taxonomy":"category","embeddable":true,"href":"https:\/\/www.worldclock.com\/Aktualny-Czas\/wp-json\/wp\/v2\/categories?post=6188"},{"taxonomy":"post_tag","embeddable":true,"href":"https:\/\/www.worldclock.com\/Aktualny-Czas\/wp-json\/wp\/v2\/tags?post=6188"}],"curies":[{"name":"wp","href":"https:\/\/api.w.org\/{rel}","templated":true}]}}