{"id":6227,"date":"2017-01-19T01:44:22","date_gmt":"2017-01-19T01:44:22","guid":{"rendered":"http:\/\/worldclock.com\/?page_id=6227"},"modified":"2017-01-19T01:45:02","modified_gmt":"2017-01-19T01:45:02","slug":"izrael","status":"publish","type":"page","link":"https:\/\/www.worldclock.com\/Aktualny-Czas\/azja\/izrael\/","title":{"rendered":"Izrael"},"content":{"rendered":"<p>Izrael to ma\u0142y, lecz bardzo zr\u00f3\u017cnicowany kulturowo kraj na Bliskim Wschodzie z d\u0142ug\u0105 lini\u0105 brzegow\u0105 na wschodnim wybrze\u017cu Morza \u015ar\u00f3dziemnego oraz ma\u0142ym dost\u0119pem do Morza Czerwonego przy Zatoce Eilat. Stolic\u0105 jest Jerozolima. Izrael graniczy z Egiptem i Palestyn\u0105 (Strefa Gazy) na po\u0142udniowym-zachodzie, Jordanem na wschodzie oraz Syri\u0105 i Libanem na p\u00f3\u0142nocy. Graniczy r\u00f3wnie\u017c z Rzek\u0105 Jordan i Morzem Martwym przy Zachodnim Brzegu i Jordanie. Zachodni Brzeg by\u0142 zawsze przyczyn\u0105 spor\u00f3w mi\u0119dzy Izraelitami a Arabami przez wi\u0119kszo\u015b\u0107 XX wieku, cho\u0107 oficjalnie ten region jest pod kontrol\u0105 Izraela od 1967 roku. Op\u00f3rcz przewa\u017caj\u0105cej liczby Palesty\u0144czyk\u00f3w zamieszkuj\u0105cych ten region, rz\u0105d izraelski wybudowa\u0142 wiele izraelskich osad przy Zachodnim Brzegu, jak r\u00f3wnie\u017c w przy\u0142\u0105czonych do kraju Wzg\u00f3rzach Golan.<br \/>\nIzrael zosta\u0142 za\u0142o\u017cony jako pa\u0144stwo dla ludno\u015bci \u017cydowskiej po zako\u0144czeniu II Wojny \u015awiatowej. Pa\u0144stwo jest uwa\u017cane za cz\u0119\u015b\u0107 Ziemi \u015awi\u0119tej (wraz z regionami Jordanu, Egiptu i Terytoriami Palestyny). Ten region ma du\u017ce znaczenie pod wzgl\u0119dem historycznym dla wielu obecnych religii monoteistycznych, gdy\u017c wszystkie maj\u0105 historyczn\u0105 wi\u0119\u017a z tym regionem. Kultura izraelska sk\u0142ada si\u0119 z pe\u0142nej \u017cycia, nowoczesnej historii, bazuj\u0105cej w g\u0142\u00f3wnej mierze na zr\u00f3\u017cnicowanym pochodzeniu swoich mieszka\u0144c\u00f3w, kt\u00f3rzy powr\u00f3cili z diaspory \u017cydowskiej wzbogacaj\u0105c kraj tradycjami i dialektami kraj\u00f3w, w kt\u00f3rych \u017cyli.<br \/>\nZ tego powodu Izrael jest fascynuj\u0105cym punktem turystycznym i pielgrzymkowym. J\u0119zykami urz\u0119dowymi Izraela s\u0105 hebrajski i arabski, natomiast tury\u015bci mog\u0105 cz\u0119sto us\u0142ysze\u0107 tak\u017ce rosyjski, francuski, hiszpa\u0144ski, amharski i jidysz, kt\u00f3rym pos\u0142uguje jest znaczna cz\u0119\u015b\u0107 mniejszo\u015bci izraelskiej, co stanowi \u017cywy dow\u00f3d diaspory narodu \u017cydowskiej na przestrzeni tysi\u0119cy lat.<br \/>\nObowi\u0105zuj\u0105c\u0105 walut\u0105 w Izraelu jest nowy szekel izraelski (NIS). Zwany jest potocznie szeklem (l.mn.: shkalim) lub sha-kh.<\/p>\n","protected":false},"excerpt":{"rendered":"<p>Izrael to ma\u0142y, lecz bardzo zr\u00f3\u017cnicowany kulturowo kraj na Bliskim Wschodzie z d\u0142ug\u0105 lini\u0105 brzegow\u0105 na wschodnim wybrze\u017cu Morza \u015ar\u00f3dziemnego oraz ma\u0142ym dost\u0119pem do Morza Czerwonego przy Zatoce Eilat. Stolic\u0105 jest Jerozolima. Izrael graniczy z Egiptem i Palestyn\u0105 (Strefa Gazy) na po\u0142udniowym-zachodzie, Jordanem na wschodzie oraz Syri\u0105 i Libanem na p\u00f3\u0142nocy. Graniczy r\u00f3wnie\u017c z Rzek\u0105 &hellip; <a href=\"https:\/\/www.worldclock.com\/Aktualny-Czas\/azja\/izrael\/\" class=\"more-link\"><\/a><\/p>\n","protected":false},"author":1,"featured_media":3933,"parent":6201,"menu_order":0,"comment_status":"closed","ping_status":"closed","template":"custom-page-templates-countrypage.php","meta":{"_acf_changed":false,"footnotes":""},"categories":[],"tags":[],"class_list":["post-6227","page","type-page","status-publish","has-post-thumbnail","hentry"],"acf":[],"_links":{"self":[{"href":"https:\/\/www.worldclock.com\/Aktualny-Czas\/wp-json\/wp\/v2\/pages\/6227","targetHints":{"allow":["GET"]}}],"collection":[{"href":"https:\/\/www.worldclock.com\/Aktualny-Czas\/wp-json\/wp\/v2\/pages"}],"about":[{"href":"https:\/\/www.worldclock.com\/Aktualny-Czas\/wp-json\/wp\/v2\/types\/page"}],"author":[{"embeddable":true,"href":"https:\/\/www.worldclock.com\/Aktualny-Czas\/wp-json\/wp\/v2\/users\/1"}],"replies":[{"embeddable":true,"href":"https:\/\/www.worldclock.com\/Aktualny-Czas\/wp-json\/wp\/v2\/comments?post=6227"}],"version-history":[{"count":0,"href":"https:\/\/www.worldclock.com\/Aktualny-Czas\/wp-json\/wp\/v2\/pages\/6227\/revisions"}],"up":[{"embeddable":true,"href":"https:\/\/www.worldclock.com\/Aktualny-Czas\/wp-json\/wp\/v2\/pages\/6201"}],"wp:featuredmedia":[{"embeddable":true,"href":"https:\/\/www.worldclock.com\/Aktualny-Czas\/wp-json\/wp\/v2\/media\/3933"}],"wp:attachment":[{"href":"https:\/\/www.worldclock.com\/Aktualny-Czas\/wp-json\/wp\/v2\/media?parent=6227"}],"wp:term":[{"taxonomy":"category","embeddable":true,"href":"https:\/\/www.worldclock.com\/Aktualny-Czas\/wp-json\/wp\/v2\/categories?post=6227"},{"taxonomy":"post_tag","embeddable":true,"href":"https:\/\/www.worldclock.com\/Aktualny-Czas\/wp-json\/wp\/v2\/tags?post=6227"}],"curies":[{"name":"wp","href":"https:\/\/api.w.org\/{rel}","templated":true}]}}