{"id":6241,"date":"2017-01-19T01:52:16","date_gmt":"2017-01-19T01:52:16","guid":{"rendered":"http:\/\/worldclock.com\/?page_id=6241"},"modified":"2017-01-19T01:52:50","modified_gmt":"2017-01-19T01:52:50","slug":"liban","status":"publish","type":"page","link":"https:\/\/www.worldclock.com\/Aktualny-Czas\/azja\/liban\/","title":{"rendered":"Liban"},"content":{"rendered":"<p>Republika Libanu to ma\u0142y kraj na Bliskim Wschodzie licz\u0105cy 3.7 milion\u00f3w mieszka\u0144c\u00f3w. Stolic\u0105 jest Bejrut. Ma d\u0142ug\u0105 lini\u0119 brzegow\u0105 na wschodnim wybrze\u017cu Morza \u015ar\u00f3dziemnego i dzieli d\u0142ug\u0105 lini\u0119 graniczn\u0105 ze swoim wi\u0119kszym s\u0105siadem, Syri\u0105 na p\u00f3\u0142nocy i wschodzie, graniczy tak\u017ce z Izraelem na po\u0142udniu. Liban to kraj o d\u0142ugiej i bogatej historii, kt\u00f3r\u0105 mo\u017cna dostrzec wsz\u0119dzie w kraju: pozosta\u0142o\u015bci po Fenicjanach, Egipcjanach, Grekach, Persach, Rzymianach, Umajjadach, Krzy\u017cowcach i Osmanach s\u0105 rozsiane po ca\u0142ym kraju, a najwa\u017cniejsze z nich s\u0105 \u0142atwo dost\u0119pne.<br \/>\nByblos, Bejrut i Sydon nale\u017c\u0105 do najstarszych, zamieszka\u0142ych miast na \u015bwiecie. W Bejrucie znajduj\u0105 si\u0119 rzymskie \u0142a\u017anie, jak r\u00f3wnie\u017c Cardio Maximus i nie tylko. W Byblos jest r\u00f3wnie\u017c wiele ruin po krzy\u017cowcach. W Libanie mo\u017cna znale\u017a\u0107 r\u00f3wnie\u017c wiele meczet\u00f3w, synagog i ko\u015bcio\u0142\u00f3w.<br \/>\nZanim wojna domowa poczyni\u0142a ogromne szkody w latach 1975-1990, w Libanie panowa\u0142 z\u0142oty okres dla gospodarki. W latach 60. Liban by\u0142 nazywany \u201eSzwajcari\u0105 Wschodu\u201d. Po wojnie poczyniono starania, aby przywr\u00f3ci\u0107 gospodark\u0119 do poprzedniego stanu. Liban ma najwy\u017cszy Wska\u017anik Rozwoju Spo\u0142ecznego w arabskim \u015bwiecie, za wyjatkiem gospodarek opieraj\u0105cych si\u0119 na eksporcie ropy naftowej w Zatoce Perskiej.<br \/>\nObowi\u0105zuj\u0105c\u0105 walut\u0105 w Libanie jest funt liba\u0144ski, jego skr\u00f3t to \u201eLBP\u201d, lub lira liba\u0144ska, w skr\u00f3cie \u201eLL\u201d, najpowszechniejszy skr\u00f3t.<\/p>\n","protected":false},"excerpt":{"rendered":"<p>Republika Libanu to ma\u0142y kraj na Bliskim Wschodzie licz\u0105cy 3.7 milion\u00f3w mieszka\u0144c\u00f3w. Stolic\u0105 jest Bejrut. Ma d\u0142ug\u0105 lini\u0119 brzegow\u0105 na wschodnim wybrze\u017cu Morza \u015ar\u00f3dziemnego i dzieli d\u0142ug\u0105 lini\u0119 graniczn\u0105 ze swoim wi\u0119kszym s\u0105siadem, Syri\u0105 na p\u00f3\u0142nocy i wschodzie, graniczy tak\u017ce z Izraelem na po\u0142udniu. Liban to kraj o d\u0142ugiej i bogatej historii, kt\u00f3r\u0105 mo\u017cna dostrzec &hellip; <a href=\"https:\/\/www.worldclock.com\/Aktualny-Czas\/azja\/liban\/\" class=\"more-link\"><\/a><\/p>\n","protected":false},"author":1,"featured_media":3954,"parent":6201,"menu_order":0,"comment_status":"closed","ping_status":"closed","template":"custom-page-templates-countrypage.php","meta":{"_acf_changed":false,"footnotes":""},"categories":[],"tags":[],"class_list":["post-6241","page","type-page","status-publish","has-post-thumbnail","hentry"],"acf":[],"_links":{"self":[{"href":"https:\/\/www.worldclock.com\/Aktualny-Czas\/wp-json\/wp\/v2\/pages\/6241","targetHints":{"allow":["GET"]}}],"collection":[{"href":"https:\/\/www.worldclock.com\/Aktualny-Czas\/wp-json\/wp\/v2\/pages"}],"about":[{"href":"https:\/\/www.worldclock.com\/Aktualny-Czas\/wp-json\/wp\/v2\/types\/page"}],"author":[{"embeddable":true,"href":"https:\/\/www.worldclock.com\/Aktualny-Czas\/wp-json\/wp\/v2\/users\/1"}],"replies":[{"embeddable":true,"href":"https:\/\/www.worldclock.com\/Aktualny-Czas\/wp-json\/wp\/v2\/comments?post=6241"}],"version-history":[{"count":0,"href":"https:\/\/www.worldclock.com\/Aktualny-Czas\/wp-json\/wp\/v2\/pages\/6241\/revisions"}],"up":[{"embeddable":true,"href":"https:\/\/www.worldclock.com\/Aktualny-Czas\/wp-json\/wp\/v2\/pages\/6201"}],"wp:featuredmedia":[{"embeddable":true,"href":"https:\/\/www.worldclock.com\/Aktualny-Czas\/wp-json\/wp\/v2\/media\/3954"}],"wp:attachment":[{"href":"https:\/\/www.worldclock.com\/Aktualny-Czas\/wp-json\/wp\/v2\/media?parent=6241"}],"wp:term":[{"taxonomy":"category","embeddable":true,"href":"https:\/\/www.worldclock.com\/Aktualny-Czas\/wp-json\/wp\/v2\/categories?post=6241"},{"taxonomy":"post_tag","embeddable":true,"href":"https:\/\/www.worldclock.com\/Aktualny-Czas\/wp-json\/wp\/v2\/tags?post=6241"}],"curies":[{"name":"wp","href":"https:\/\/api.w.org\/{rel}","templated":true}]}}