{"id":6267,"date":"2017-01-19T02:10:25","date_gmt":"2017-01-19T02:10:25","guid":{"rendered":"http:\/\/worldclock.com\/?page_id=6267"},"modified":"2017-01-19T02:10:45","modified_gmt":"2017-01-19T02:10:45","slug":"arabia-saudyjska","status":"publish","type":"page","link":"https:\/\/www.worldclock.com\/Aktualny-Czas\/azja\/arabia-saudyjska\/","title":{"rendered":"Arabia Saudyjska"},"content":{"rendered":"<p>Arabia Saudyjska to kraj po\u0142o\u017cony na Bliskim Wschodzie i pokrywa wi\u0119kszo\u015b\u0107 P\u00f3\u0142wyspu Arabskiego oraz ma dost\u0119p do Zatoki Perskiej i Morza Czerwonego. Graniczy z Jordanem na p\u00f3\u0142nocnym-zachodzie, Irakiem i Kuwejtem na p\u00f3\u0142nocnym-wschodziem, Bahrajnem i Katarem na wschodzie, Zjednoczonymi Emiratami Arabskimi na po\u0142udniowym-wschodzie oraz Omanem i Jemenem na po\u0142udniu. Arabia Saudyjska to bardzo wa\u017cny punkt w \u015bwiecie Muzu\u0142ma\u0144skim, gdy\u017c znajduj\u0105 si\u0119 tu dwa najwa\u017cniejsze miasta dla Muzu\u0142man\u00f3w, Mekka (kt\u00f3ra przyci\u0105ga miliony pielgrzym\u00f3w ka\u017cdego roku) i Medina, miejsce, z kt\u00f3rego prorok Mahomet rozpocz\u0105\u0142 sw\u0105 podr\u00f3\u017c szerz\u0105c wiar\u0119 islamsk\u0105. Przynajmniej raz w swoim \u017cyciu ka\u017cdy, zdolny do takiej podr\u00f3\u017cy Muzu\u0142manin musi uda\u0107 si\u0119 w pielgrzymk\u0119 do tych miejsc.<br \/>\nArabia Saudyjska, tak jak s\u0105siaduj\u0105ce z ni\u0105 pa\u0144stwa, ma gospodark\u0119 bazuj\u0105c\u0105 na eksporcie ropy naftowej. Produkcja jest rygorystycznie regulowana przez rz\u0105d. Arabia Saudyjska posiada drugie co do wielko\u015bci zasoby ropy na \u015bwiecie i znajduje si\u0119 zaraz po Wenezueli, jest te\u017c najwi\u0119kszym producentem i eksporterem ropy na \u015bwiecie. Ropa naftowa stanowi 75% dochodu pa\u0144stwa. Opr\u00f3cz rodowitych Saudyjczyk\u00f3w, tu\u017c przy granicy mieszka dodatkowo 4 miliony zagranicznych pracownik\u00f3w, kt\u00f3rzy g\u0142\u00f3wnie pracuj\u0105 w sektorze naftowym lub prywatnym.<br \/>\nArabia Saudyjska to drugi, najwi\u0119kszy importer broni na \u015bwiecie i do dnia dzisiejszego jest to kraj autokratyczny mocno ograniczaj\u0105cy prawa cywilne i wolno\u015b\u0107 kobiet oraz grup znajduj\u0105cych si\u0119 na marginesie spo\u0142ecznym. Kara \u015bmierci jest nadal legalna w Arabii Saudyjskiej.<br \/>\nObowi\u0105zuj\u0105c\u0105 walut\u0105 jest rial saudyjski.<\/p>\n","protected":false},"excerpt":{"rendered":"<p>Arabia Saudyjska to kraj po\u0142o\u017cony na Bliskim Wschodzie i pokrywa wi\u0119kszo\u015b\u0107 P\u00f3\u0142wyspu Arabskiego oraz ma dost\u0119p do Zatoki Perskiej i Morza Czerwonego. Graniczy z Jordanem na p\u00f3\u0142nocnym-zachodzie, Irakiem i Kuwejtem na p\u00f3\u0142nocnym-wschodziem, Bahrajnem i Katarem na wschodzie, Zjednoczonymi Emiratami Arabskimi na po\u0142udniowym-wschodzie oraz Omanem i Jemenem na po\u0142udniu. Arabia Saudyjska to bardzo wa\u017cny punkt w &hellip; <a href=\"https:\/\/www.worldclock.com\/Aktualny-Czas\/azja\/arabia-saudyjska\/\" class=\"more-link\"><\/a><\/p>\n","protected":false},"author":1,"featured_media":3993,"parent":6201,"menu_order":0,"comment_status":"closed","ping_status":"closed","template":"custom-page-templates-countrypage.php","meta":{"_acf_changed":false,"footnotes":""},"categories":[],"tags":[],"class_list":["post-6267","page","type-page","status-publish","has-post-thumbnail","hentry"],"acf":[],"_links":{"self":[{"href":"https:\/\/www.worldclock.com\/Aktualny-Czas\/wp-json\/wp\/v2\/pages\/6267","targetHints":{"allow":["GET"]}}],"collection":[{"href":"https:\/\/www.worldclock.com\/Aktualny-Czas\/wp-json\/wp\/v2\/pages"}],"about":[{"href":"https:\/\/www.worldclock.com\/Aktualny-Czas\/wp-json\/wp\/v2\/types\/page"}],"author":[{"embeddable":true,"href":"https:\/\/www.worldclock.com\/Aktualny-Czas\/wp-json\/wp\/v2\/users\/1"}],"replies":[{"embeddable":true,"href":"https:\/\/www.worldclock.com\/Aktualny-Czas\/wp-json\/wp\/v2\/comments?post=6267"}],"version-history":[{"count":0,"href":"https:\/\/www.worldclock.com\/Aktualny-Czas\/wp-json\/wp\/v2\/pages\/6267\/revisions"}],"up":[{"embeddable":true,"href":"https:\/\/www.worldclock.com\/Aktualny-Czas\/wp-json\/wp\/v2\/pages\/6201"}],"wp:featuredmedia":[{"embeddable":true,"href":"https:\/\/www.worldclock.com\/Aktualny-Czas\/wp-json\/wp\/v2\/media\/3993"}],"wp:attachment":[{"href":"https:\/\/www.worldclock.com\/Aktualny-Czas\/wp-json\/wp\/v2\/media?parent=6267"}],"wp:term":[{"taxonomy":"category","embeddable":true,"href":"https:\/\/www.worldclock.com\/Aktualny-Czas\/wp-json\/wp\/v2\/categories?post=6267"},{"taxonomy":"post_tag","embeddable":true,"href":"https:\/\/www.worldclock.com\/Aktualny-Czas\/wp-json\/wp\/v2\/tags?post=6267"}],"curies":[{"name":"wp","href":"https:\/\/api.w.org\/{rel}","templated":true}]}}