{"id":6304,"date":"2017-01-19T02:34:45","date_gmt":"2017-01-19T02:34:45","guid":{"rendered":"http:\/\/worldclock.com\/?page_id=6304"},"modified":"2017-01-19T02:35:35","modified_gmt":"2017-01-19T02:35:35","slug":"sfederowane-stany-mikronezji","status":"publish","type":"page","link":"https:\/\/www.worldclock.com\/Aktualny-Czas\/australia\/sfederowane-stany-mikronezji\/","title":{"rendered":"Sfederowane Stany Mikronezji"},"content":{"rendered":"<p>Mikronezja, zwana oficjalnie Sfederowanymi Stanami Mikronezji, znajduje si\u0119 na Oceanie Spokojnym, na p\u00f3\u0142nocny-wsch\u00f3d od Nowej Gwinei. Stolic\u0105 jest Palikir, j\u0119zykiem urz\u0119dowym jest angielski, a populacja liczy 106 000. Obowi\u0105zuj\u0105c\u0105 walut\u0105 jest dolar ameryka\u0144ski (USD), gdy\u017c Mikronezja  pozostaje w wolnym stowarzyszeniu ze Stanami Zjednoczonymi.<\/p>\n","protected":false},"excerpt":{"rendered":"<p>Mikronezja, zwana oficjalnie Sfederowanymi Stanami Mikronezji, znajduje si\u0119 na Oceanie Spokojnym, na p\u00f3\u0142nocny-wsch\u00f3d od Nowej Gwinei. Stolic\u0105 jest Palikir, j\u0119zykiem urz\u0119dowym jest angielski, a populacja liczy 106 000. Obowi\u0105zuj\u0105c\u0105 walut\u0105 jest dolar ameryka\u0144ski (USD), gdy\u017c Mikronezja pozostaje w wolnym stowarzyszeniu ze Stanami Zjednoczonymi.<\/p>\n","protected":false},"author":1,"featured_media":4411,"parent":6300,"menu_order":0,"comment_status":"closed","ping_status":"closed","template":"custom-page-templates-countrypage.php","meta":{"_acf_changed":false,"footnotes":""},"categories":[],"tags":[],"class_list":["post-6304","page","type-page","status-publish","has-post-thumbnail","hentry"],"acf":[],"_links":{"self":[{"href":"https:\/\/www.worldclock.com\/Aktualny-Czas\/wp-json\/wp\/v2\/pages\/6304","targetHints":{"allow":["GET"]}}],"collection":[{"href":"https:\/\/www.worldclock.com\/Aktualny-Czas\/wp-json\/wp\/v2\/pages"}],"about":[{"href":"https:\/\/www.worldclock.com\/Aktualny-Czas\/wp-json\/wp\/v2\/types\/page"}],"author":[{"embeddable":true,"href":"https:\/\/www.worldclock.com\/Aktualny-Czas\/wp-json\/wp\/v2\/users\/1"}],"replies":[{"embeddable":true,"href":"https:\/\/www.worldclock.com\/Aktualny-Czas\/wp-json\/wp\/v2\/comments?post=6304"}],"version-history":[{"count":0,"href":"https:\/\/www.worldclock.com\/Aktualny-Czas\/wp-json\/wp\/v2\/pages\/6304\/revisions"}],"up":[{"embeddable":true,"href":"https:\/\/www.worldclock.com\/Aktualny-Czas\/wp-json\/wp\/v2\/pages\/6300"}],"wp:featuredmedia":[{"embeddable":true,"href":"https:\/\/www.worldclock.com\/Aktualny-Czas\/wp-json\/wp\/v2\/media\/4411"}],"wp:attachment":[{"href":"https:\/\/www.worldclock.com\/Aktualny-Czas\/wp-json\/wp\/v2\/media?parent=6304"}],"wp:term":[{"taxonomy":"category","embeddable":true,"href":"https:\/\/www.worldclock.com\/Aktualny-Czas\/wp-json\/wp\/v2\/categories?post=6304"},{"taxonomy":"post_tag","embeddable":true,"href":"https:\/\/www.worldclock.com\/Aktualny-Czas\/wp-json\/wp\/v2\/tags?post=6304"}],"curies":[{"name":"wp","href":"https:\/\/api.w.org\/{rel}","templated":true}]}}