{"id":6310,"date":"2017-01-19T02:37:01","date_gmt":"2017-01-19T02:37:01","guid":{"rendered":"http:\/\/worldclock.com\/?page_id=6310"},"modified":"2017-01-19T02:37:27","modified_gmt":"2017-01-19T02:37:27","slug":"guam","status":"publish","type":"page","link":"https:\/\/www.worldclock.com\/Aktualny-Czas\/australia\/guam\/","title":{"rendered":"Guam"},"content":{"rendered":"<p>Tubylcy nazywaj\u0105 t\u0119 wysp\u0119 Guahan, a znajduje si\u0119 ona w p\u00f3\u0142nocno-zachodniej cz\u0119\u015bci Oceanu Spokojnego, oko\u0142o trzy czwarte drogi z Hawaj\u00f3w do Filipin. Jest to najwi\u0119ksza wyspa w archipelagu Mariany, ale nie jest ona niepodleg\u0142a. Oficjalnie nale\u017cy do terytorium USA i jest cz\u0119\u015bci\u0105 Wsp\u00f3lnoty Marian\u00f3w P\u00f3\u0142nocnych. Stolic\u0105 jest Hagatna.<br \/>\nNic wi\u0119c dziwnego, \u017ce gospodarka Guamy jest w du\u017cej mierze zale\u017cna od Stan\u00f3w Zjednoczonych, a przych\u00f3d od nich wyni\u00f3s\u0142 miliard dolar\u00f3w w roku 1998. W ostatnich dziesi\u0119cioleciach wyspa przechodzi dynamiczny rozw\u00f3j w sektorze turystycznym. Guam odwiedza ponad milion turyst\u00f3w ka\u017cdego roku, a wi\u0119kszo\u015b\u0107 z nich to Japo\u0144czycy. Wyspa ch\u0119tnie przyjmuje r\u00f3wnie\u017c turyst\u00f3w z innych azjatyckich kraj\u00f3w, takich jak Korea Po\u0142udniowa czy Chiny.<br \/>\nObowi\u0105zuj\u0105c\u0105 walut\u0105 w Guam jest dolar ameryka\u0144ski.<\/p>\n","protected":false},"excerpt":{"rendered":"<p>Tubylcy nazywaj\u0105 t\u0119 wysp\u0119 Guahan, a znajduje si\u0119 ona w p\u00f3\u0142nocno-zachodniej cz\u0119\u015bci Oceanu Spokojnego, oko\u0142o trzy czwarte drogi z Hawaj\u00f3w do Filipin. Jest to najwi\u0119ksza wyspa w archipelagu Mariany, ale nie jest ona niepodleg\u0142a. Oficjalnie nale\u017cy do terytorium USA i jest cz\u0119\u015bci\u0105 Wsp\u00f3lnoty Marian\u00f3w P\u00f3\u0142nocnych. Stolic\u0105 jest Hagatna. Nic wi\u0119c dziwnego, \u017ce gospodarka Guamy jest &hellip; <a href=\"https:\/\/www.worldclock.com\/Aktualny-Czas\/australia\/guam\/\" class=\"more-link\"><\/a><\/p>\n","protected":false},"author":1,"featured_media":4593,"parent":6300,"menu_order":0,"comment_status":"closed","ping_status":"closed","template":"custom-page-templates-countrypage.php","meta":{"_acf_changed":false,"footnotes":""},"categories":[],"tags":[],"class_list":["post-6310","page","type-page","status-publish","has-post-thumbnail","hentry"],"acf":[],"_links":{"self":[{"href":"https:\/\/www.worldclock.com\/Aktualny-Czas\/wp-json\/wp\/v2\/pages\/6310","targetHints":{"allow":["GET"]}}],"collection":[{"href":"https:\/\/www.worldclock.com\/Aktualny-Czas\/wp-json\/wp\/v2\/pages"}],"about":[{"href":"https:\/\/www.worldclock.com\/Aktualny-Czas\/wp-json\/wp\/v2\/types\/page"}],"author":[{"embeddable":true,"href":"https:\/\/www.worldclock.com\/Aktualny-Czas\/wp-json\/wp\/v2\/users\/1"}],"replies":[{"embeddable":true,"href":"https:\/\/www.worldclock.com\/Aktualny-Czas\/wp-json\/wp\/v2\/comments?post=6310"}],"version-history":[{"count":0,"href":"https:\/\/www.worldclock.com\/Aktualny-Czas\/wp-json\/wp\/v2\/pages\/6310\/revisions"}],"up":[{"embeddable":true,"href":"https:\/\/www.worldclock.com\/Aktualny-Czas\/wp-json\/wp\/v2\/pages\/6300"}],"wp:featuredmedia":[{"embeddable":true,"href":"https:\/\/www.worldclock.com\/Aktualny-Czas\/wp-json\/wp\/v2\/media\/4593"}],"wp:attachment":[{"href":"https:\/\/www.worldclock.com\/Aktualny-Czas\/wp-json\/wp\/v2\/media?parent=6310"}],"wp:term":[{"taxonomy":"category","embeddable":true,"href":"https:\/\/www.worldclock.com\/Aktualny-Czas\/wp-json\/wp\/v2\/categories?post=6310"},{"taxonomy":"post_tag","embeddable":true,"href":"https:\/\/www.worldclock.com\/Aktualny-Czas\/wp-json\/wp\/v2\/tags?post=6310"}],"curies":[{"name":"wp","href":"https:\/\/api.w.org\/{rel}","templated":true}]}}