{"id":6312,"date":"2017-01-19T02:38:38","date_gmt":"2017-01-19T02:38:38","guid":{"rendered":"http:\/\/worldclock.com\/?page_id=6312"},"modified":"2017-01-19T02:38:59","modified_gmt":"2017-01-19T02:38:59","slug":"kiribati","status":"publish","type":"page","link":"https:\/\/www.worldclock.com\/Aktualny-Czas\/australia\/kiribati\/","title":{"rendered":"Kiribati"},"content":{"rendered":"<p>Kiribati (ang. wymowa: Kiri-bass) to grupa wysp znajduj\u0105cych si\u0119 w Mikronezji i rozci\u0105gaj\u0105cych si\u0119 nad r\u00f3wnikiem, a od roku 1995, nad Mi\u0119dzynarodow\u0105 Lini\u0105 Zmiany Daty.  33 atole kiribackie, z \u0142\u0105czn\u0105 powierzchni\u0105 zaledwie 811 km\u00b2, rozrzucone s\u0105 na obszarze 3.5 miliona km\u00b2. Kiribati by\u0142o jednym z g\u0142\u00f3wnych miejsc, gdzie przeprowadzane by\u0142y operacje wojskowe na Pacyfiku w czasie II Wojny \u015awiatowej i wydarzy\u0142o si\u0119 tu wiele krwawych bitew, w tym nies\u0142awna Bitwa o Taraw\u0119 w listopadzie 1943 roku. Kiribati, w przeciwie\u0144stwie do wielu egzotycznych wysp, jak Tahiti czy Hawaje, nie jest najlepszym punktem turystycznym, w kt\u00f3rym mo\u017cna si\u0119 zrelaksowa\u0107 podczas urlopu. Garstka turyst\u00f3w, kt\u00f3ra przyje\u017cd\u017ca do Kiribati, na og\u00f3\u0142 \u015bwiadoma jest trudno\u015bci i podejmuje wcze\u015bniej odpowiednie przygotowania.<br \/>\nStolica Kiribati, Tarawa Po\u0142udniowa, jest bardzo g\u0119sto zaludniona i jest jednym z najubo\u017cszych miejsc na \u015bwiecie. Na innych wyspach mieszka niewiele ludzi i dotarcie do nich mo\u017ce okaza\u0107 si\u0119 bardzo du\u017cym wyzwaniem, gdy\u017c warunki transportu s\u0105 tu jeszcze bardziej prymitywne ni\u017c w stolicy.<br \/>\nWi\u0119kszo\u015b\u0107 turyst\u00f3w, kt\u00f3ra przyje\u017cd\u017ca na wysp\u0119, to Amerykanie. Najpopularniejszym miejscem jest Kiritimati (Wyspa Bo\u017cego Narodzenia) g\u0142\u00f3wnie dlatego, \u017ce wyspa ta otrzyma\u0142a rozg\u0142os 1 stycznia, 2000, jako pierwsze miejsce na \u015bwiecie, gdzie rozpocz\u0119\u0142o si\u0119 nowe tysi\u0105clecie. Warunki panuj\u0105ce na tej wyspie s\u0105 troch\u0119 lepsze ni\u017c w pozosta\u0142ej cz\u0119\u015bci Kiribati (cho\u0107 ub\u00f3stwo jest wci\u0105\u017c widoczne).<br \/>\nObowi\u0105zuj\u0105c\u0105 walut\u0105 jest dolar kiribacki (KBD), kt\u00f3rego warto\u015b\u0107 odpowiada cenie dolara australijskiego (AUD).<\/p>\n","protected":false},"excerpt":{"rendered":"<p>Kiribati (ang. wymowa: Kiri-bass) to grupa wysp znajduj\u0105cych si\u0119 w Mikronezji i rozci\u0105gaj\u0105cych si\u0119 nad r\u00f3wnikiem, a od roku 1995, nad Mi\u0119dzynarodow\u0105 Lini\u0105 Zmiany Daty. 33 atole kiribackie, z \u0142\u0105czn\u0105 powierzchni\u0105 zaledwie 811 km\u00b2, rozrzucone s\u0105 na obszarze 3.5 miliona km\u00b2. Kiribati by\u0142o jednym z g\u0142\u00f3wnych miejsc, gdzie przeprowadzane by\u0142y operacje wojskowe na Pacyfiku w &hellip; <a href=\"https:\/\/www.worldclock.com\/Aktualny-Czas\/australia\/kiribati\/\" class=\"more-link\"><\/a><\/p>\n","protected":false},"author":1,"featured_media":4065,"parent":6300,"menu_order":0,"comment_status":"closed","ping_status":"closed","template":"custom-page-templates-countrypage.php","meta":{"_acf_changed":false,"footnotes":""},"categories":[],"tags":[],"class_list":["post-6312","page","type-page","status-publish","has-post-thumbnail","hentry"],"acf":[],"_links":{"self":[{"href":"https:\/\/www.worldclock.com\/Aktualny-Czas\/wp-json\/wp\/v2\/pages\/6312","targetHints":{"allow":["GET"]}}],"collection":[{"href":"https:\/\/www.worldclock.com\/Aktualny-Czas\/wp-json\/wp\/v2\/pages"}],"about":[{"href":"https:\/\/www.worldclock.com\/Aktualny-Czas\/wp-json\/wp\/v2\/types\/page"}],"author":[{"embeddable":true,"href":"https:\/\/www.worldclock.com\/Aktualny-Czas\/wp-json\/wp\/v2\/users\/1"}],"replies":[{"embeddable":true,"href":"https:\/\/www.worldclock.com\/Aktualny-Czas\/wp-json\/wp\/v2\/comments?post=6312"}],"version-history":[{"count":0,"href":"https:\/\/www.worldclock.com\/Aktualny-Czas\/wp-json\/wp\/v2\/pages\/6312\/revisions"}],"up":[{"embeddable":true,"href":"https:\/\/www.worldclock.com\/Aktualny-Czas\/wp-json\/wp\/v2\/pages\/6300"}],"wp:featuredmedia":[{"embeddable":true,"href":"https:\/\/www.worldclock.com\/Aktualny-Czas\/wp-json\/wp\/v2\/media\/4065"}],"wp:attachment":[{"href":"https:\/\/www.worldclock.com\/Aktualny-Czas\/wp-json\/wp\/v2\/media?parent=6312"}],"wp:term":[{"taxonomy":"category","embeddable":true,"href":"https:\/\/www.worldclock.com\/Aktualny-Czas\/wp-json\/wp\/v2\/categories?post=6312"},{"taxonomy":"post_tag","embeddable":true,"href":"https:\/\/www.worldclock.com\/Aktualny-Czas\/wp-json\/wp\/v2\/tags?post=6312"}],"curies":[{"name":"wp","href":"https:\/\/api.w.org\/{rel}","templated":true}]}}