{"id":6325,"date":"2017-01-19T02:43:57","date_gmt":"2017-01-19T02:43:57","guid":{"rendered":"http:\/\/worldclock.com\/?page_id=6325"},"modified":"2017-01-19T02:44:21","modified_gmt":"2017-01-19T02:44:21","slug":"samoa","status":"publish","type":"page","link":"https:\/\/www.worldclock.com\/Aktualny-Czas\/australia\/samoa\/","title":{"rendered":"Samoa"},"content":{"rendered":"<p>Samoa, zwane r\u00f3wnie\u017c Niezale\u017cnym Pa\u0144stwem Samoa, znajduje si\u0119 na Oceanie Spokojnym. Kraj ten, sk\u0142adaj\u0105cy si\u0119 z dw\u00f3ch wysp, uzyska\u0142 sw\u0105 niepodleg\u0142o\u015b\u0107 od Nowej Zelandii w roku 1962. Stolic\u0105 jest Apia, kt\u00f3re znajduje si\u0119 na wyspie Upolu. J\u0119zykiem urz\u0119dowym jest samoa\u0144ski i angielski, a populacja kraju wynosi 194 000. Obowi\u0105zuj\u0105c\u0105 walut\u0105 jest tala (WST).<\/p>\n","protected":false},"excerpt":{"rendered":"<p>Samoa, zwane r\u00f3wnie\u017c Niezale\u017cnym Pa\u0144stwem Samoa, znajduje si\u0119 na Oceanie Spokojnym. Kraj ten, sk\u0142adaj\u0105cy si\u0119 z dw\u00f3ch wysp, uzyska\u0142 sw\u0105 niepodleg\u0142o\u015b\u0107 od Nowej Zelandii w roku 1962. Stolic\u0105 jest Apia, kt\u00f3re znajduje si\u0119 na wyspie Upolu. J\u0119zykiem urz\u0119dowym jest samoa\u0144ski i angielski, a populacja kraju wynosi 194 000. Obowi\u0105zuj\u0105c\u0105 walut\u0105 jest tala (WST).<\/p>\n","protected":false},"author":1,"featured_media":4089,"parent":6300,"menu_order":0,"comment_status":"closed","ping_status":"closed","template":"custom-page-templates-countrypage.php","meta":{"_acf_changed":false,"footnotes":""},"categories":[],"tags":[],"class_list":["post-6325","page","type-page","status-publish","has-post-thumbnail","hentry"],"acf":[],"_links":{"self":[{"href":"https:\/\/www.worldclock.com\/Aktualny-Czas\/wp-json\/wp\/v2\/pages\/6325","targetHints":{"allow":["GET"]}}],"collection":[{"href":"https:\/\/www.worldclock.com\/Aktualny-Czas\/wp-json\/wp\/v2\/pages"}],"about":[{"href":"https:\/\/www.worldclock.com\/Aktualny-Czas\/wp-json\/wp\/v2\/types\/page"}],"author":[{"embeddable":true,"href":"https:\/\/www.worldclock.com\/Aktualny-Czas\/wp-json\/wp\/v2\/users\/1"}],"replies":[{"embeddable":true,"href":"https:\/\/www.worldclock.com\/Aktualny-Czas\/wp-json\/wp\/v2\/comments?post=6325"}],"version-history":[{"count":0,"href":"https:\/\/www.worldclock.com\/Aktualny-Czas\/wp-json\/wp\/v2\/pages\/6325\/revisions"}],"up":[{"embeddable":true,"href":"https:\/\/www.worldclock.com\/Aktualny-Czas\/wp-json\/wp\/v2\/pages\/6300"}],"wp:featuredmedia":[{"embeddable":true,"href":"https:\/\/www.worldclock.com\/Aktualny-Czas\/wp-json\/wp\/v2\/media\/4089"}],"wp:attachment":[{"href":"https:\/\/www.worldclock.com\/Aktualny-Czas\/wp-json\/wp\/v2\/media?parent=6325"}],"wp:term":[{"taxonomy":"category","embeddable":true,"href":"https:\/\/www.worldclock.com\/Aktualny-Czas\/wp-json\/wp\/v2\/categories?post=6325"},{"taxonomy":"post_tag","embeddable":true,"href":"https:\/\/www.worldclock.com\/Aktualny-Czas\/wp-json\/wp\/v2\/tags?post=6325"}],"curies":[{"name":"wp","href":"https:\/\/api.w.org\/{rel}","templated":true}]}}