{"id":6329,"date":"2017-01-19T02:45:36","date_gmt":"2017-01-19T02:45:36","guid":{"rendered":"http:\/\/worldclock.com\/?page_id=6329"},"modified":"2017-01-19T02:48:35","modified_gmt":"2017-01-19T02:48:35","slug":"tonga","status":"publish","type":"page","link":"https:\/\/www.worldclock.com\/Aktualny-Czas\/australia\/tonga\/","title":{"rendered":"Tonga"},"content":{"rendered":"<p>Kr\u00f3lestwo Tonga le\u017cy na Po\u0142udniowym Pacyfiku, na p\u00f3\u0142nocny-wsch\u00f3d od Nowej Zelandii i sk\u0142ada si\u0119 na nie oko\u0142o 170 wysp. Stolic\u0105 jest Nuku\u2019alofa. Populacja wynosi 103\u00a0036, wed\u0142ug danych z roku 2011, a powierzchnia kraju wynosi 748 kilometr\u00f3w kwadratowych. Gospodarka kraju bazuje na rolnictwie, zw\u0142aszcza na produkcji kokos\u00f3w i manioku. Tonga to prawdopodobnie jedyny obszar na Pacyfiku, kt\u00f3ry nigdy nie by\u0142 koloni\u0105 i utrzyma\u0142 lokaln\u0105 w\u0142adz\u0119. Mieszka\u0144cy kraju to w 98% Polinezyjczycy, ale s\u0105 te\u017c ma\u0142e spo\u0142ecze\u0144stwa europejskie i chi\u0144skie. Polinezyjczycy m\u00f3wi\u0105 w j\u0119zyku tonga, polinezyjskim j\u0119zyku. J\u0119zyk tonga uwa\u017cany jest za jeden z najbardziej konserwatywnych j\u0119zyk\u00f3w polinezyjskich i przeszed\u0142 najmniej zmian pod wzgl\u0119dem wymowy w ubieg\u0142ych stuleciach. J\u0119zyk jest do\u015b\u0107 jednolity w ca\u0142ym kr\u00f3lestwie, za wyj\u0105tkiem wyspy Niouafooou, gdzie u\u017cywa si\u0119 dialektu w j\u0119zyku Samoa. J\u0119zykiem urz\u0119dowym kraju jest angielski.<br \/>\nMieszka\u0144cy to w wi\u0119kszo\u015bci Chrze\u015bcijanie, g\u0142\u00f3wnie Metody\u015bci, a spo\u0142ecze\u0144stwo jest bardzo konserwatywne. Niemal\u017ce wszystkie aktywno\u015bci s\u0105 zawieszone w niedziel\u0119, gdy\u017c dzie\u0144 ten uwa\u017cany jest za po\u015bwi\u0119cony przez konstytucj\u0119. Co wi\u0119cej, \u017cyje tu 250 \u015awiadk\u00f3w Jehowy oraz 61\u00a0470 wyznawc\u00f3w Ko\u015bcio\u0142a Jezusa Chrystusa \u015awi\u0119tych w Dniach Ostatnich.<br \/>\nTempo wzrostu populacji wynosi 0.03% (dane z roku 2015). Wska\u017anik urodze\u0144 wynosi 23\/ 1000, a wska\u017anik \u015bmierci to 4.85\/1000 (2015).<br \/>\nD\u0142ugo\u015b\u0107 \u017cycia, wed\u0142ug statystyk z roku 2015, wynosi 76.04 lat (74.53 dla m\u0119\u017cczyzn i 77.59 dla kobiet).<br \/>\nObowi\u0105zuj\u0105c\u0105 walut\u0105 jest Pa\u02bbanga (TOP), kt\u00f3ra zast\u0105pi\u0142a funt 3 kwietnia, 1967 ze stawk\u0105 1 funt = 2 Pa\u02bbanga.<\/p>\n","protected":false},"excerpt":{"rendered":"<p>Kr\u00f3lestwo Tonga le\u017cy na Po\u0142udniowym Pacyfiku, na p\u00f3\u0142nocny-wsch\u00f3d od Nowej Zelandii i sk\u0142ada si\u0119 na nie oko\u0142o 170 wysp. Stolic\u0105 jest Nuku\u2019alofa. Populacja wynosi 103\u00a0036, wed\u0142ug danych z roku 2011, a powierzchnia kraju wynosi 748 kilometr\u00f3w kwadratowych. Gospodarka kraju bazuje na rolnictwie, zw\u0142aszcza na produkcji kokos\u00f3w i manioku. Tonga to prawdopodobnie jedyny obszar na Pacyfiku, &hellip; <a href=\"https:\/\/www.worldclock.com\/Aktualny-Czas\/australia\/tonga\/\" class=\"more-link\"><\/a><\/p>\n","protected":false},"author":1,"featured_media":4095,"parent":6300,"menu_order":0,"comment_status":"closed","ping_status":"closed","template":"custom-page-templates-countrypage.php","meta":{"_acf_changed":false,"footnotes":""},"categories":[],"tags":[],"class_list":["post-6329","page","type-page","status-publish","has-post-thumbnail","hentry"],"acf":[],"_links":{"self":[{"href":"https:\/\/www.worldclock.com\/Aktualny-Czas\/wp-json\/wp\/v2\/pages\/6329","targetHints":{"allow":["GET"]}}],"collection":[{"href":"https:\/\/www.worldclock.com\/Aktualny-Czas\/wp-json\/wp\/v2\/pages"}],"about":[{"href":"https:\/\/www.worldclock.com\/Aktualny-Czas\/wp-json\/wp\/v2\/types\/page"}],"author":[{"embeddable":true,"href":"https:\/\/www.worldclock.com\/Aktualny-Czas\/wp-json\/wp\/v2\/users\/1"}],"replies":[{"embeddable":true,"href":"https:\/\/www.worldclock.com\/Aktualny-Czas\/wp-json\/wp\/v2\/comments?post=6329"}],"version-history":[{"count":0,"href":"https:\/\/www.worldclock.com\/Aktualny-Czas\/wp-json\/wp\/v2\/pages\/6329\/revisions"}],"up":[{"embeddable":true,"href":"https:\/\/www.worldclock.com\/Aktualny-Czas\/wp-json\/wp\/v2\/pages\/6300"}],"wp:featuredmedia":[{"embeddable":true,"href":"https:\/\/www.worldclock.com\/Aktualny-Czas\/wp-json\/wp\/v2\/media\/4095"}],"wp:attachment":[{"href":"https:\/\/www.worldclock.com\/Aktualny-Czas\/wp-json\/wp\/v2\/media?parent=6329"}],"wp:term":[{"taxonomy":"category","embeddable":true,"href":"https:\/\/www.worldclock.com\/Aktualny-Czas\/wp-json\/wp\/v2\/categories?post=6329"},{"taxonomy":"post_tag","embeddable":true,"href":"https:\/\/www.worldclock.com\/Aktualny-Czas\/wp-json\/wp\/v2\/tags?post=6329"}],"curies":[{"name":"wp","href":"https:\/\/api.w.org\/{rel}","templated":true}]}}