{"id":6349,"date":"2017-01-19T02:56:33","date_gmt":"2017-01-19T02:56:33","guid":{"rendered":"http:\/\/worldclock.com\/?page_id=6349"},"modified":"2017-01-19T02:56:51","modified_gmt":"2017-01-19T02:56:51","slug":"bialorus","status":"publish","type":"page","link":"https:\/\/www.worldclock.com\/Aktualny-Czas\/europa\/bialorus\/","title":{"rendered":"Bia\u0142oru\u015b"},"content":{"rendered":"<p>Bia\u0142oru\u015b znana te\u017c jako Republika Bia\u0142orusi znajduje sie we wschodniej <a href=\"http:\/\/www.worldclock.com\/pl\/europa\/\"><a href=\"http:\/\/www.worldclock.com\/pl\/europa\/\">Europie<\/a><\/a>. Kraj ten graniczy z Rosj\u0105, a do roku 1991 by\u0142 jedn\u0105 z republic Zwi\u0105zku Radzieckiego. Stolic\u0105 Bia\u0142orusi jest Mi\u0144sk, urz\u0119dowymi j\u0119zykami Bia\u0142orusi s\u0105 rosyjski i bia\u0142oruski, g\u0142\u00f3wn\u0105 religi\u0105 w kraju jest prawos\u0142awie a ludno\u015b\u0107 kraju liczy ponad 9.5 miliona. Walut\u0105 u\u017cywan\u0105 na Bia\u0142orusi jest rubel (BYR).<\/p>\n","protected":false},"excerpt":{"rendered":"<p>Bia\u0142oru\u015b znana te\u017c jako Republika Bia\u0142orusi znajduje sie we wschodniej Europie. Kraj ten graniczy z Rosj\u0105, a do roku 1991 by\u0142 jedn\u0105 z republic Zwi\u0105zku Radzieckiego. Stolic\u0105 Bia\u0142orusi jest Mi\u0144sk, urz\u0119dowymi j\u0119zykami Bia\u0142orusi s\u0105 rosyjski i bia\u0142oruski, g\u0142\u00f3wn\u0105 religi\u0105 w kraju jest prawos\u0142awie a ludno\u015b\u0107 kraju liczy ponad 9.5 miliona. Walut\u0105 u\u017cywan\u0105 na Bia\u0142orusi jest &hellip; <a href=\"https:\/\/www.worldclock.com\/Aktualny-Czas\/europa\/bialorus\/\" class=\"more-link\"><\/a><\/p>\n","protected":false},"author":1,"featured_media":4125,"parent":6335,"menu_order":0,"comment_status":"closed","ping_status":"closed","template":"custom-page-templates-countrypage.php","meta":{"_acf_changed":false,"footnotes":""},"categories":[],"tags":[],"class_list":["post-6349","page","type-page","status-publish","has-post-thumbnail","hentry"],"acf":[],"_links":{"self":[{"href":"https:\/\/www.worldclock.com\/Aktualny-Czas\/wp-json\/wp\/v2\/pages\/6349","targetHints":{"allow":["GET"]}}],"collection":[{"href":"https:\/\/www.worldclock.com\/Aktualny-Czas\/wp-json\/wp\/v2\/pages"}],"about":[{"href":"https:\/\/www.worldclock.com\/Aktualny-Czas\/wp-json\/wp\/v2\/types\/page"}],"author":[{"embeddable":true,"href":"https:\/\/www.worldclock.com\/Aktualny-Czas\/wp-json\/wp\/v2\/users\/1"}],"replies":[{"embeddable":true,"href":"https:\/\/www.worldclock.com\/Aktualny-Czas\/wp-json\/wp\/v2\/comments?post=6349"}],"version-history":[{"count":0,"href":"https:\/\/www.worldclock.com\/Aktualny-Czas\/wp-json\/wp\/v2\/pages\/6349\/revisions"}],"up":[{"embeddable":true,"href":"https:\/\/www.worldclock.com\/Aktualny-Czas\/wp-json\/wp\/v2\/pages\/6335"}],"wp:featuredmedia":[{"embeddable":true,"href":"https:\/\/www.worldclock.com\/Aktualny-Czas\/wp-json\/wp\/v2\/media\/4125"}],"wp:attachment":[{"href":"https:\/\/www.worldclock.com\/Aktualny-Czas\/wp-json\/wp\/v2\/media?parent=6349"}],"wp:term":[{"taxonomy":"category","embeddable":true,"href":"https:\/\/www.worldclock.com\/Aktualny-Czas\/wp-json\/wp\/v2\/categories?post=6349"},{"taxonomy":"post_tag","embeddable":true,"href":"https:\/\/www.worldclock.com\/Aktualny-Czas\/wp-json\/wp\/v2\/tags?post=6349"}],"curies":[{"name":"wp","href":"https:\/\/api.w.org\/{rel}","templated":true}]}}