{"id":6399,"date":"2017-01-19T03:28:30","date_gmt":"2017-01-19T03:28:30","guid":{"rendered":"http:\/\/worldclock.com\/?page_id=6399"},"modified":"2017-01-19T03:28:48","modified_gmt":"2017-01-19T03:28:48","slug":"moldawia","status":"publish","type":"page","link":"https:\/\/www.worldclock.com\/Aktualny-Czas\/europa\/moldawia\/","title":{"rendered":"Mo\u0142dawia"},"content":{"rendered":"<p>Mo\u0142dawia, znana te\u017c pod nazw\u0105 Republika Mo\u0142dawska  jest krajem, kt\u00f3ry znajduje si\u0119 w <a href=\"http:\/\/www.worldclock.com\/pl\/europa\/\">Europie<\/a> Wschodniej. Oficjalnym j\u0119zykiem Mo\u0142dawii jest j\u0119zyk mo\u0142dawski, kt\u00f3ry jest podobny do j\u0119zyka rumu\u0144skiego. Innymi j\u0119zykami m\u00f3wionymi w kraju s\u0105 gaugazki, rosyjski i ukrai\u0144ski. Stolic\u0105 Mo\u0142dawii jest Chi\u015fin\u0103uChi\u0219in\u0103u, a liczba ludno\u015bci kraju wynosi 3.5 miliona. Walut\u0105 u\u017cywan\u0105 w Mo\u0142dawii jest mo\u0142dawski lej (MDL). <\/p>\n","protected":false},"excerpt":{"rendered":"<p>Mo\u0142dawia, znana te\u017c pod nazw\u0105 Republika Mo\u0142dawska jest krajem, kt\u00f3ry znajduje si\u0119 w Europie Wschodniej. Oficjalnym j\u0119zykiem Mo\u0142dawii jest j\u0119zyk mo\u0142dawski, kt\u00f3ry jest podobny do j\u0119zyka rumu\u0144skiego. Innymi j\u0119zykami m\u00f3wionymi w kraju s\u0105 gaugazki, rosyjski i ukrai\u0144ski. Stolic\u0105 Mo\u0142dawii jest Chi\u015fin\u0103uChi\u0219in\u0103u, a liczba ludno\u015bci kraju wynosi 3.5 miliona. Walut\u0105 u\u017cywan\u0105 w Mo\u0142dawii jest mo\u0142dawski lej &hellip; <a href=\"https:\/\/www.worldclock.com\/Aktualny-Czas\/europa\/moldawia\/\" class=\"more-link\"><\/a><\/p>\n","protected":false},"author":1,"featured_media":4209,"parent":6335,"menu_order":0,"comment_status":"closed","ping_status":"closed","template":"custom-page-templates-countrypage.php","meta":{"_acf_changed":false,"footnotes":""},"categories":[],"tags":[],"class_list":["post-6399","page","type-page","status-publish","has-post-thumbnail","hentry"],"acf":[],"_links":{"self":[{"href":"https:\/\/www.worldclock.com\/Aktualny-Czas\/wp-json\/wp\/v2\/pages\/6399","targetHints":{"allow":["GET"]}}],"collection":[{"href":"https:\/\/www.worldclock.com\/Aktualny-Czas\/wp-json\/wp\/v2\/pages"}],"about":[{"href":"https:\/\/www.worldclock.com\/Aktualny-Czas\/wp-json\/wp\/v2\/types\/page"}],"author":[{"embeddable":true,"href":"https:\/\/www.worldclock.com\/Aktualny-Czas\/wp-json\/wp\/v2\/users\/1"}],"replies":[{"embeddable":true,"href":"https:\/\/www.worldclock.com\/Aktualny-Czas\/wp-json\/wp\/v2\/comments?post=6399"}],"version-history":[{"count":0,"href":"https:\/\/www.worldclock.com\/Aktualny-Czas\/wp-json\/wp\/v2\/pages\/6399\/revisions"}],"up":[{"embeddable":true,"href":"https:\/\/www.worldclock.com\/Aktualny-Czas\/wp-json\/wp\/v2\/pages\/6335"}],"wp:featuredmedia":[{"embeddable":true,"href":"https:\/\/www.worldclock.com\/Aktualny-Czas\/wp-json\/wp\/v2\/media\/4209"}],"wp:attachment":[{"href":"https:\/\/www.worldclock.com\/Aktualny-Czas\/wp-json\/wp\/v2\/media?parent=6399"}],"wp:term":[{"taxonomy":"category","embeddable":true,"href":"https:\/\/www.worldclock.com\/Aktualny-Czas\/wp-json\/wp\/v2\/categories?post=6399"},{"taxonomy":"post_tag","embeddable":true,"href":"https:\/\/www.worldclock.com\/Aktualny-Czas\/wp-json\/wp\/v2\/tags?post=6399"}],"curies":[{"name":"wp","href":"https:\/\/api.w.org\/{rel}","templated":true}]}}