{"id":6436,"date":"2017-01-19T03:48:57","date_gmt":"2017-01-19T03:48:57","guid":{"rendered":"http:\/\/worldclock.com\/?page_id=6436"},"modified":"2017-01-19T03:49:14","modified_gmt":"2017-01-19T03:49:14","slug":"ukraina","status":"publish","type":"page","link":"https:\/\/www.worldclock.com\/Aktualny-Czas\/europa\/ukraina\/","title":{"rendered":"Ukraina"},"content":{"rendered":"<p>Ukraina jest krajem po\u0142o\u017conym w <a href=\"http:\/\/www.worldclock.com\/pl\/europa\/\">Europie<\/a> Wschodniej. Graniczy z Rosj\u0105 od wschodu i p\u00f3\u0142nocnego wschodu, z Bia\u0142orusi\u0105 od p\u00f3\u0142nocnego zachodu, z Polsk\u0105, S\u0142owacja, i W\u0119grami od zachodu z Romuni\u0105 i Mo\u0142dawi\u0105 od po\u0142udniowego zachodu, a na po\u0142udniu i na po\u0142udniowym wschodzie z Morzem Czarnym i Morzem Azowskim. Kraj zajmuje teren  603 628 km. kwadratowych, tak wiec jest drugim co do wielko\u015bci krajem <a href=\"http:\/\/www.worldclock.com\/pl\/europa\/\">Europy<\/a>, po Rosji. Stolic\u0105 Ukrainy jest Kij\u00f3w. Przewa\u017caj\u0105ca cz\u0119\u015b\u0107 kraju jest r\u00f3wninna i rolnicza. G\u00f3ry znajduj\u0105 si\u0119 tylko na obszarach granicz\u0105cych z Rumuni\u0105 (G\u00f3ry Karpaty). Uprawia si\u0119 tam zbo\u017ce, buraki cukrowe, s\u0142oneczniki, a tak\u017ce hoduje si\u0119 byd\u0142o, rozwini\u0119ta jest tam r\u00f3wnie\u017c produkcja mleka.<br \/>\nWi\u0119kszo\u015b\u0107 ludno\u015bci Ukrainy nie uto\u017csamia si\u0119 z \u017cadn\u0105 zorganizowan\u0105 religi\u0105, a znaczna cz\u0119\u015b\u0107 ludno\u015bci to atei\u015bci.<br \/>\nZgodnie z Konstytucj\u0105 Ukrai\u0144sk\u0105 oficjalnym jezykiem u\u017cywanym na Ukrainie jest ukrai\u0144ski. Jednak\u017ce jezyk rosyjski jest szeroko rozpowszechniony w kraju, a szczeg\u00f3lnie w jego wschodniej i poludniowej cz\u0119\u015bci, kt\u00f3re zamieszkuje etnicznie rosyjska wi\u0119kszo\u015b\u0107.<br \/>\nZgdnie z danymi z roku 2016, ludno\u015b\u0107 kraju liczy 42,760,500 mieszka\u0144c\u00f3w. \u015arednia d\u0142ugo\u015bci \u017cycia na rok 2015 ca\u0142ej ludno\u015bci wynosi 71.57 lat (66.81 u m\u0119\u017cczyzn, a 76,63 u kobiet).<br \/>\nWalut\u0105 u\u017cywana w kraju jest ukrai\u0144ska hrywna. <\/p>\n","protected":false},"excerpt":{"rendered":"<p>Ukraina jest krajem po\u0142o\u017conym w Europie Wschodniej. Graniczy z Rosj\u0105 od wschodu i p\u00f3\u0142nocnego wschodu, z Bia\u0142orusi\u0105 od p\u00f3\u0142nocnego zachodu, z Polsk\u0105, S\u0142owacja, i W\u0119grami od zachodu z Romuni\u0105 i Mo\u0142dawi\u0105 od po\u0142udniowego zachodu, a na po\u0142udniu i na po\u0142udniowym wschodzie z Morzem Czarnym i Morzem Azowskim. Kraj zajmuje teren 603 628 km. kwadratowych, tak &hellip; <a href=\"https:\/\/www.worldclock.com\/Aktualny-Czas\/europa\/ukraina\/\" class=\"more-link\"><\/a><\/p>\n","protected":false},"author":1,"featured_media":4289,"parent":6335,"menu_order":0,"comment_status":"closed","ping_status":"closed","template":"custom-page-templates-countrypage.php","meta":{"_acf_changed":false,"footnotes":""},"categories":[],"tags":[],"class_list":["post-6436","page","type-page","status-publish","has-post-thumbnail","hentry"],"acf":[],"_links":{"self":[{"href":"https:\/\/www.worldclock.com\/Aktualny-Czas\/wp-json\/wp\/v2\/pages\/6436","targetHints":{"allow":["GET"]}}],"collection":[{"href":"https:\/\/www.worldclock.com\/Aktualny-Czas\/wp-json\/wp\/v2\/pages"}],"about":[{"href":"https:\/\/www.worldclock.com\/Aktualny-Czas\/wp-json\/wp\/v2\/types\/page"}],"author":[{"embeddable":true,"href":"https:\/\/www.worldclock.com\/Aktualny-Czas\/wp-json\/wp\/v2\/users\/1"}],"replies":[{"embeddable":true,"href":"https:\/\/www.worldclock.com\/Aktualny-Czas\/wp-json\/wp\/v2\/comments?post=6436"}],"version-history":[{"count":0,"href":"https:\/\/www.worldclock.com\/Aktualny-Czas\/wp-json\/wp\/v2\/pages\/6436\/revisions"}],"up":[{"embeddable":true,"href":"https:\/\/www.worldclock.com\/Aktualny-Czas\/wp-json\/wp\/v2\/pages\/6335"}],"wp:featuredmedia":[{"embeddable":true,"href":"https:\/\/www.worldclock.com\/Aktualny-Czas\/wp-json\/wp\/v2\/media\/4289"}],"wp:attachment":[{"href":"https:\/\/www.worldclock.com\/Aktualny-Czas\/wp-json\/wp\/v2\/media?parent=6436"}],"wp:term":[{"taxonomy":"category","embeddable":true,"href":"https:\/\/www.worldclock.com\/Aktualny-Czas\/wp-json\/wp\/v2\/categories?post=6436"},{"taxonomy":"post_tag","embeddable":true,"href":"https:\/\/www.worldclock.com\/Aktualny-Czas\/wp-json\/wp\/v2\/tags?post=6436"}],"curies":[{"name":"wp","href":"https:\/\/api.w.org\/{rel}","templated":true}]}}