{"id":6454,"date":"2017-01-19T04:09:28","date_gmt":"2017-01-19T04:09:28","guid":{"rendered":"http:\/\/worldclock.com\/?page_id=6454"},"modified":"2017-01-19T04:09:58","modified_gmt":"2017-01-19T04:09:58","slug":"kolumbia","status":"publish","type":"page","link":"https:\/\/www.worldclock.com\/Aktualny-Czas\/ameryka-poludniowa\/kolumbia\/","title":{"rendered":"Kolumbia"},"content":{"rendered":"<p>Kolumbia, zwana r\u00f3wnie\u017c Republik\u0105 Kolumbii, znajduje si\u0119 w <a href=\"http:\/\/www.worldclock.com\/pl\/ameryka-poludniowa\/\">Ameryce Po\u0142udniowej<\/a>. Ten du\u017cy kraj le\u017cy w p\u00f3\u0142nocno-zachodniej cz\u0119\u015bci kontynentu i ma powierzchni\u0119 1.1 miliona kilometr\u00f3w kwadratowych. Jest to jedyne pa\u0144stwo w <a href=\"http:\/\/www.worldclock.com\/pl\/ameryka-poludniowa\/\">Ameryce Po\u0142udniowej<\/a>, kt\u00f3re ma dost\u0119p zar\u00f3wno do Oceanu Spokojnego jak i Oceanu Atlantyckiego. Stolic\u0105 jest Bogot\u00e1, j\u0119zykiem urz\u0119dowym jest hiszpa\u0144ski, a populacja kraju wynosi 48.3 miliona ludzi. Obowi\u0105zuj\u0105c\u0105 walut\u0105 jest peso kolumbijskie (COP). Ten ogromny kraj jest domem dla wielu r\u00f3\u017cnych zwierz\u0105t, gatunk\u00f3w owoc\u00f3w i warzyw. W Kolumbii znajduje si\u0119 wiele dolin, g\u00f3r, r\u00f3wnin, pla\u017c i las\u00f3w, w tym Amazo\u0144ski Las Deszczowy. Kraj ten mo\u017ce by\u0107 jednak bardzo niebezpieczny ze wzgl\u0119du na wiele grup partyzanckich dzia\u0142aj\u0105cych w Kolumbii, kt\u00f3re odpowiadaj\u0105 za handel narkotykami, porwania, ataki i morderstwa i z tego powodu w miastach jest du\u017co przemocy. Kolumbia znana jest r\u00f3wnie\u017c ze swojej kawy, wegla i szmaragd\u00f3w.<\/p>\n","protected":false},"excerpt":{"rendered":"<p>Kolumbia, zwana r\u00f3wnie\u017c Republik\u0105 Kolumbii, znajduje si\u0119 w Ameryce Po\u0142udniowej. Ten du\u017cy kraj le\u017cy w p\u00f3\u0142nocno-zachodniej cz\u0119\u015bci kontynentu i ma powierzchni\u0119 1.1 miliona kilometr\u00f3w kwadratowych. Jest to jedyne pa\u0144stwo w Ameryce Po\u0142udniowej, kt\u00f3re ma dost\u0119p zar\u00f3wno do Oceanu Spokojnego jak i Oceanu Atlantyckiego. Stolic\u0105 jest Bogot\u00e1, j\u0119zykiem urz\u0119dowym jest hiszpa\u0144ski, a populacja kraju wynosi 48.3 &hellip; <a href=\"https:\/\/www.worldclock.com\/Aktualny-Czas\/ameryka-poludniowa\/kolumbia\/\" class=\"more-link\"><\/a><\/p>\n","protected":false},"author":1,"featured_media":4575,"parent":6444,"menu_order":0,"comment_status":"closed","ping_status":"closed","template":"custom-page-templates-countrypage.php","meta":{"_acf_changed":false,"footnotes":""},"categories":[],"tags":[],"class_list":["post-6454","page","type-page","status-publish","has-post-thumbnail","hentry"],"acf":[],"_links":{"self":[{"href":"https:\/\/www.worldclock.com\/Aktualny-Czas\/wp-json\/wp\/v2\/pages\/6454","targetHints":{"allow":["GET"]}}],"collection":[{"href":"https:\/\/www.worldclock.com\/Aktualny-Czas\/wp-json\/wp\/v2\/pages"}],"about":[{"href":"https:\/\/www.worldclock.com\/Aktualny-Czas\/wp-json\/wp\/v2\/types\/page"}],"author":[{"embeddable":true,"href":"https:\/\/www.worldclock.com\/Aktualny-Czas\/wp-json\/wp\/v2\/users\/1"}],"replies":[{"embeddable":true,"href":"https:\/\/www.worldclock.com\/Aktualny-Czas\/wp-json\/wp\/v2\/comments?post=6454"}],"version-history":[{"count":0,"href":"https:\/\/www.worldclock.com\/Aktualny-Czas\/wp-json\/wp\/v2\/pages\/6454\/revisions"}],"up":[{"embeddable":true,"href":"https:\/\/www.worldclock.com\/Aktualny-Czas\/wp-json\/wp\/v2\/pages\/6444"}],"wp:featuredmedia":[{"embeddable":true,"href":"https:\/\/www.worldclock.com\/Aktualny-Czas\/wp-json\/wp\/v2\/media\/4575"}],"wp:attachment":[{"href":"https:\/\/www.worldclock.com\/Aktualny-Czas\/wp-json\/wp\/v2\/media?parent=6454"}],"wp:term":[{"taxonomy":"category","embeddable":true,"href":"https:\/\/www.worldclock.com\/Aktualny-Czas\/wp-json\/wp\/v2\/categories?post=6454"},{"taxonomy":"post_tag","embeddable":true,"href":"https:\/\/www.worldclock.com\/Aktualny-Czas\/wp-json\/wp\/v2\/tags?post=6454"}],"curies":[{"name":"wp","href":"https:\/\/api.w.org\/{rel}","templated":true}]}}