{"id":6457,"date":"2017-01-19T04:11:05","date_gmt":"2017-01-19T04:11:05","guid":{"rendered":"http:\/\/worldclock.com\/?page_id=6457"},"modified":"2017-01-19T04:11:27","modified_gmt":"2017-01-19T04:11:27","slug":"gujana","status":"publish","type":"page","link":"https:\/\/www.worldclock.com\/Aktualny-Czas\/ameryka-poludniowa\/gujana\/","title":{"rendered":"Gujana"},"content":{"rendered":"<p>Gujana, zwana r\u00f3wnie\u017c Kooperacyjn\u0105 Republik\u0105 Gujany, jest by\u0142\u0105 koloni\u0105 brytyjsk\u0105 znajduj\u0105c\u0105 si\u0119 w <a href=\"http:\/\/www.worldclock.com\/pl\/ameryka-poludniowa\/\">Ameryce Po\u0142udniowej<\/a> i jest jednym z najmniej zaludnionych kraj\u00f3w na \u015bwiecie. Stolic\u0105 jest Georgetown, j\u0119zykiem urz\u0119dowym jest angielski (cho\u0107 mo\u017cna r\u00f3wnie\u017c rozpozna\u0107 wiele innych j\u0119zyk\u00f3w, w tym portugalski, hindi i hiszpa\u0144ski), a populacja kraju wynosi 753 000. Gujana ma najwy\u017cszy wska\u017anik samob\u00f3jstw na \u015bwiecie. Obowi\u0105zuj\u0105c\u0105 walut\u0105 w kraju jest dolar guja\u0144ski (GYD).<\/p>\n","protected":false},"excerpt":{"rendered":"<p>Gujana, zwana r\u00f3wnie\u017c Kooperacyjn\u0105 Republik\u0105 Gujany, jest by\u0142\u0105 koloni\u0105 brytyjsk\u0105 znajduj\u0105c\u0105 si\u0119 w Ameryce Po\u0142udniowej i jest jednym z najmniej zaludnionych kraj\u00f3w na \u015bwiecie. Stolic\u0105 jest Georgetown, j\u0119zykiem urz\u0119dowym jest angielski (cho\u0107 mo\u017cna r\u00f3wnie\u017c rozpozna\u0107 wiele innych j\u0119zyk\u00f3w, w tym portugalski, hindi i hiszpa\u0144ski), a populacja kraju wynosi 753 000. Gujana ma najwy\u017cszy wska\u017anik samob\u00f3jstw &hellip; <a href=\"https:\/\/www.worldclock.com\/Aktualny-Czas\/ameryka-poludniowa\/gujana\/\" class=\"more-link\"><\/a><\/p>\n","protected":false},"author":1,"featured_media":4596,"parent":6444,"menu_order":0,"comment_status":"closed","ping_status":"closed","template":"custom-page-templates-countrypage.php","meta":{"_acf_changed":false,"footnotes":""},"categories":[],"tags":[],"class_list":["post-6457","page","type-page","status-publish","has-post-thumbnail","hentry"],"acf":[],"_links":{"self":[{"href":"https:\/\/www.worldclock.com\/Aktualny-Czas\/wp-json\/wp\/v2\/pages\/6457","targetHints":{"allow":["GET"]}}],"collection":[{"href":"https:\/\/www.worldclock.com\/Aktualny-Czas\/wp-json\/wp\/v2\/pages"}],"about":[{"href":"https:\/\/www.worldclock.com\/Aktualny-Czas\/wp-json\/wp\/v2\/types\/page"}],"author":[{"embeddable":true,"href":"https:\/\/www.worldclock.com\/Aktualny-Czas\/wp-json\/wp\/v2\/users\/1"}],"replies":[{"embeddable":true,"href":"https:\/\/www.worldclock.com\/Aktualny-Czas\/wp-json\/wp\/v2\/comments?post=6457"}],"version-history":[{"count":0,"href":"https:\/\/www.worldclock.com\/Aktualny-Czas\/wp-json\/wp\/v2\/pages\/6457\/revisions"}],"up":[{"embeddable":true,"href":"https:\/\/www.worldclock.com\/Aktualny-Czas\/wp-json\/wp\/v2\/pages\/6444"}],"wp:featuredmedia":[{"embeddable":true,"href":"https:\/\/www.worldclock.com\/Aktualny-Czas\/wp-json\/wp\/v2\/media\/4596"}],"wp:attachment":[{"href":"https:\/\/www.worldclock.com\/Aktualny-Czas\/wp-json\/wp\/v2\/media?parent=6457"}],"wp:term":[{"taxonomy":"category","embeddable":true,"href":"https:\/\/www.worldclock.com\/Aktualny-Czas\/wp-json\/wp\/v2\/categories?post=6457"},{"taxonomy":"post_tag","embeddable":true,"href":"https:\/\/www.worldclock.com\/Aktualny-Czas\/wp-json\/wp\/v2\/tags?post=6457"}],"curies":[{"name":"wp","href":"https:\/\/api.w.org\/{rel}","templated":true}]}}