{"id":6458,"date":"2017-01-19T04:11:39","date_gmt":"2017-01-19T04:11:39","guid":{"rendered":"http:\/\/worldclock.com\/?page_id=6458"},"modified":"2017-01-19T04:11:59","modified_gmt":"2017-01-19T04:11:59","slug":"paragwaj","status":"publish","type":"page","link":"https:\/\/www.worldclock.com\/Aktualny-Czas\/ameryka-poludniowa\/paragwaj\/","title":{"rendered":"Paragwaj"},"content":{"rendered":"<p>Ten \u015br\u00f3dl\u0105dowy kraj, zwany oficjalnie Republik\u0105 Paragwaju, znajduje si\u0119 w \u015brodkowej cz\u0119\u015bci <a href=\"http:\/\/www.worldclock.com\/pl\/ameryka-poludniowa\/\">Ameryki Po\u0142udniowej<\/a> i graniczy z Argentyn\u0105 na po\u0142udniu i po\u0142udniowym-zachodzie, Brazyli\u0105 na wschodzie i p\u00f3\u0142nocnym-wschodzie oraz Boliwi\u0105 na p\u00f3\u0142nocnym-zachodzie. Paragwaj po\u0142o\u017cony jest po obu stronach Rzeki Paragwaj, kt\u00f3ra biegnie wzd\u0142u\u017c \u015brodka pa\u0144stwa od p\u00f3\u0142nocy na po\u0142udnie. Z powodu centralnego po\u0142o\u017cenia w <a href=\"http:\/\/www.worldclock.com\/pl\/ameryka-poludniowa\/\">Ameryce Po\u0142udniowej<\/a>, czasami kraj ten nazywany jest \u201eSercem <a href=\"http:\/\/www.worldclock.com\/pl\/ameryka-poludniowa\/\">Ameryki Po\u0142udniowej<\/a>\u201d. Pomimo tego, \u017ce Paragwaj jest pi\u0105tym najwi\u0119kszym eksporterem ziaren soi, nale\u017cy do najbiedniejszych kraj\u00f3w <a href=\"http:\/\/www.worldclock.com\/pl\/ameryka-poludniowa\/\">Ameryki Po\u0142udniowej<\/a>, gdzie ub\u00f3stwo jest bardzo widoczne, zw\u0142aszcza w stolicy Asuncion.<br \/>\nRzeka Paragwaj dzieli kraj na dwa regiony: Paraguay Oriental i Paraguay Occidenta. Cho\u0107 jest to kraj \u015br\u00f3dl\u0105dowy, graniczy z drogami wodnymi. Zwrotnik Kozioro\u017cca r\u00f3wnie\u017c biegnie wzd\u0142u\u017c kraju od wschodu do zachodu i sprawia, \u017ce na p\u00f3\u0142nocy panuje klimat tropikalny, a na po\u0142udniu klimat jest subtropikalny lub umiarkowany.<br \/>\nNiedawno badania wykaza\u0142y, \u017ce Paragwaj jest najta\u0144szym krajem na \u015bwiecie. Obowi\u0105zuj\u0105c\u0105 walut\u0105 jest guarani.<\/p>\n","protected":false},"excerpt":{"rendered":"<p>Ten \u015br\u00f3dl\u0105dowy kraj, zwany oficjalnie Republik\u0105 Paragwaju, znajduje si\u0119 w \u015brodkowej cz\u0119\u015bci Ameryki Po\u0142udniowej i graniczy z Argentyn\u0105 na po\u0142udniu i po\u0142udniowym-zachodzie, Brazyli\u0105 na wschodzie i p\u00f3\u0142nocnym-wschodzie oraz Boliwi\u0105 na p\u00f3\u0142nocnym-zachodzie. Paragwaj po\u0142o\u017cony jest po obu stronach Rzeki Paragwaj, kt\u00f3ra biegnie wzd\u0142u\u017c \u015brodka pa\u0144stwa od p\u00f3\u0142nocy na po\u0142udnie. Z powodu centralnego po\u0142o\u017cenia w Ameryce Po\u0142udniowej, &hellip; <a href=\"https:\/\/www.worldclock.com\/Aktualny-Czas\/ameryka-poludniowa\/paragwaj\/\" class=\"more-link\"><\/a><\/p>\n","protected":false},"author":1,"featured_media":4413,"parent":6444,"menu_order":0,"comment_status":"closed","ping_status":"closed","template":"custom-page-templates-countrypage.php","meta":{"_acf_changed":false,"footnotes":""},"categories":[],"tags":[],"class_list":["post-6458","page","type-page","status-publish","has-post-thumbnail","hentry"],"acf":[],"_links":{"self":[{"href":"https:\/\/www.worldclock.com\/Aktualny-Czas\/wp-json\/wp\/v2\/pages\/6458","targetHints":{"allow":["GET"]}}],"collection":[{"href":"https:\/\/www.worldclock.com\/Aktualny-Czas\/wp-json\/wp\/v2\/pages"}],"about":[{"href":"https:\/\/www.worldclock.com\/Aktualny-Czas\/wp-json\/wp\/v2\/types\/page"}],"author":[{"embeddable":true,"href":"https:\/\/www.worldclock.com\/Aktualny-Czas\/wp-json\/wp\/v2\/users\/1"}],"replies":[{"embeddable":true,"href":"https:\/\/www.worldclock.com\/Aktualny-Czas\/wp-json\/wp\/v2\/comments?post=6458"}],"version-history":[{"count":0,"href":"https:\/\/www.worldclock.com\/Aktualny-Czas\/wp-json\/wp\/v2\/pages\/6458\/revisions"}],"up":[{"embeddable":true,"href":"https:\/\/www.worldclock.com\/Aktualny-Czas\/wp-json\/wp\/v2\/pages\/6444"}],"wp:featuredmedia":[{"embeddable":true,"href":"https:\/\/www.worldclock.com\/Aktualny-Czas\/wp-json\/wp\/v2\/media\/4413"}],"wp:attachment":[{"href":"https:\/\/www.worldclock.com\/Aktualny-Czas\/wp-json\/wp\/v2\/media?parent=6458"}],"wp:term":[{"taxonomy":"category","embeddable":true,"href":"https:\/\/www.worldclock.com\/Aktualny-Czas\/wp-json\/wp\/v2\/categories?post=6458"},{"taxonomy":"post_tag","embeddable":true,"href":"https:\/\/www.worldclock.com\/Aktualny-Czas\/wp-json\/wp\/v2\/tags?post=6458"}],"curies":[{"name":"wp","href":"https:\/\/api.w.org\/{rel}","templated":true}]}}