{"id":6460,"date":"2017-01-19T04:12:13","date_gmt":"2017-01-19T04:12:13","guid":{"rendered":"http:\/\/worldclock.com\/?page_id=6460"},"modified":"2017-01-19T04:12:53","modified_gmt":"2017-01-19T04:12:53","slug":"surinam","status":"publish","type":"page","link":"https:\/\/www.worldclock.com\/Aktualny-Czas\/ameryka-poludniowa\/surinam\/","title":{"rendered":"Surinam"},"content":{"rendered":"<p>Surinam to niepodleg\u0142y kraj znajduj\u0105cy si\u0119 na p\u00f3\u0142nocno-wschodnim wybrze\u017cu Atlantyku w <a href=\"http:\/\/www.worldclock.com\/pl\/ameryka-poludniowa\/\">Ameryce Po\u0142udniowej<\/a>. Graniczy z Gujan\u0105 Francusk\u0105 na wschodzie, Gujan\u0105 na zachodzie i Brazyli\u0105 na po\u0142udniu. Stolic\u0105 jest Paramaribo. Jest to ma\u0142e pa\u0144stwo. Surinam odzyska\u0142o niepodleg\u0142o\u015b\u0107 od Holandii w roku 1975, po czym re\u017cim militarny szybko obali\u0142 demokratycznie wybrany rz\u0105d i og\u0142osi\u0142 si\u0119 republik\u0105 socjalistyczn\u0105. Po okresie konflikt\u00f3w politycznych przywr\u00f3cono demokracj\u0119 w roku 1991.<br \/>\nCho\u0107 Surinam nie nale\u017cy do pa\u0144stw Karaibskich, dzieli z nimi wiele wsp\u00f3lnych cech kulturalnych i nale\u017cy do spo\u0142eczno\u015bci karaibskiej. J\u0119zykiem urz\u0119dowym jest nadal holenderski, ale prawie wi\u0119kszo\u015b\u0107 mieszka\u0144c\u00f3w kraju pos\u0142uguje si\u0119 na co dzie\u0144 sranan, j\u0119zykiem kreolskim na bazie angielskiego. Populacja Surinam sk\u0142ada si\u0119 z wielu grup etnicznych i lingwistycznych o rozmaitym tle kulturowym. Ludzie z ca\u0142ego \u015bwiata nazywaj\u0105 ten ma\u0142y kraj swoim domem, pocz\u0105wszy od Indian, a sko\u0144czywszy na Afrykanach i Chi\u0144czykach. W kraju wyznawane s\u0105 te\u017c r\u00f3\u017cne religie.<br \/>\nObowi\u0105zuj\u0105c\u0105 walut\u0105 w Surinam jest surin.<\/p>\n","protected":false},"excerpt":{"rendered":"<p>Surinam to niepodleg\u0142y kraj znajduj\u0105cy si\u0119 na p\u00f3\u0142nocno-wschodnim wybrze\u017cu Atlantyku w Ameryce Po\u0142udniowej. Graniczy z Gujan\u0105 Francusk\u0105 na wschodzie, Gujan\u0105 na zachodzie i Brazyli\u0105 na po\u0142udniu. Stolic\u0105 jest Paramaribo. Jest to ma\u0142e pa\u0144stwo. Surinam odzyska\u0142o niepodleg\u0142o\u015b\u0107 od Holandii w roku 1975, po czym re\u017cim militarny szybko obali\u0142 demokratycznie wybrany rz\u0105d i og\u0142osi\u0142 si\u0119 republik\u0105 socjalistyczn\u0105. &hellip; <a href=\"https:\/\/www.worldclock.com\/Aktualny-Czas\/ameryka-poludniowa\/surinam\/\" class=\"more-link\"><\/a><\/p>\n","protected":false},"author":1,"featured_media":4426,"parent":6444,"menu_order":0,"comment_status":"closed","ping_status":"closed","template":"custom-page-templates-countrypage.php","meta":{"_acf_changed":false,"footnotes":""},"categories":[],"tags":[],"class_list":["post-6460","page","type-page","status-publish","has-post-thumbnail","hentry"],"acf":[],"_links":{"self":[{"href":"https:\/\/www.worldclock.com\/Aktualny-Czas\/wp-json\/wp\/v2\/pages\/6460","targetHints":{"allow":["GET"]}}],"collection":[{"href":"https:\/\/www.worldclock.com\/Aktualny-Czas\/wp-json\/wp\/v2\/pages"}],"about":[{"href":"https:\/\/www.worldclock.com\/Aktualny-Czas\/wp-json\/wp\/v2\/types\/page"}],"author":[{"embeddable":true,"href":"https:\/\/www.worldclock.com\/Aktualny-Czas\/wp-json\/wp\/v2\/users\/1"}],"replies":[{"embeddable":true,"href":"https:\/\/www.worldclock.com\/Aktualny-Czas\/wp-json\/wp\/v2\/comments?post=6460"}],"version-history":[{"count":0,"href":"https:\/\/www.worldclock.com\/Aktualny-Czas\/wp-json\/wp\/v2\/pages\/6460\/revisions"}],"up":[{"embeddable":true,"href":"https:\/\/www.worldclock.com\/Aktualny-Czas\/wp-json\/wp\/v2\/pages\/6444"}],"wp:featuredmedia":[{"embeddable":true,"href":"https:\/\/www.worldclock.com\/Aktualny-Czas\/wp-json\/wp\/v2\/media\/4426"}],"wp:attachment":[{"href":"https:\/\/www.worldclock.com\/Aktualny-Czas\/wp-json\/wp\/v2\/media?parent=6460"}],"wp:term":[{"taxonomy":"category","embeddable":true,"href":"https:\/\/www.worldclock.com\/Aktualny-Czas\/wp-json\/wp\/v2\/categories?post=6460"},{"taxonomy":"post_tag","embeddable":true,"href":"https:\/\/www.worldclock.com\/Aktualny-Czas\/wp-json\/wp\/v2\/tags?post=6460"}],"curies":[{"name":"wp","href":"https:\/\/api.w.org\/{rel}","templated":true}]}}