{"id":6461,"date":"2017-01-19T04:13:05","date_gmt":"2017-01-19T04:13:05","guid":{"rendered":"http:\/\/worldclock.com\/?page_id=6461"},"modified":"2017-01-19T04:13:32","modified_gmt":"2017-01-19T04:13:32","slug":"urugwaj","status":"publish","type":"page","link":"https:\/\/www.worldclock.com\/Aktualny-Czas\/ameryka-poludniowa\/urugwaj\/","title":{"rendered":"Urugwaj"},"content":{"rendered":"<p>Urugwaj, zwany r\u00f3wnie\u017c Wschodni\u0105 Republik\u0105 Urugwaju (z hiszp.: Rep\u00fablica Oriental del Uruguay, dos\u0142ownie: Wschodnia Republika Rzeki Urugwaj), to kraj po\u0142o\u017cony w po\u0142udniowej cz\u0119\u015bci <a href=\"http:\/\/www.worldclock.com\/pl\/ameryka-poludniowa\/\">Ameryki Po\u0142udniowej<\/a>. Graniczy z Brazyli\u0105 na p\u00f3\u0142nocy, Rzek\u0105 Urugwaj na zachodzie, zatok\u0105 Rio de la Plata (dos\u0142ownie \u201eSrebrn\u0105 Rzek\u0105\u201d) na po\u0142udniowym-zachodzie, Argentyn\u0105 po drugiej stronie rzeki i w ko\u0144cu z Po\u0142udniowym Atlantykiem na po\u0142udniowym-wschodzie. Oko\u0142o po\u0142owa populacji kraju mieszka w stolicy i najwi\u0119kszym mie\u015bcie, Montevideo. Jest to drugi najmniejszy, niepodleg\u0142y kraj w <a href=\"http:\/\/www.worldclock.com\/pl\/ameryka-poludniowa\/\">Ameryce Po\u0142udniowej<\/a>, wi\u0119kszy od Surinam (jest r\u00f3wnie\u017c wi\u0119kszy od Gujany Francuskiej, kt\u00f3ra nie jest niepodleg\u0142ym krajem) i jest tak\u017ce jednym z najbardziej stabilnych pa\u0144stw pod wzgl\u0119dem politycznym i ekonomicznym. Pa\u0144stwo ma powierzchni\u0119 176\u00a0220 kilometr\u00f3w kwadratowych, a populacja wynosi 3\u00a0480\u00a0222 mieszka\u0144c\u00f3w, zgodnie z oficjalnymi danymi z roku 2016.<br \/>\nUstr\u00f3j polityczny Urugwaju to prezydencka demokracja przedstawicielska, gdzie prezydent kraju jest zar\u00f3wno g\u0142ow\u0105 pa\u0144stwa jak i rz\u0105du, ale panuje tu r\u00f3wnie\u017c zr\u00f3\u017cnicowany system wielopartyjny. W\u0142adza wykonawcza realizowana jest przez rz\u0105d. Cia\u0142o ustawodawcze sk\u0142ada si\u0119 zar\u00f3wno z rz\u0105du jak i dw\u00f3ch izb Zgromadzenia Urugwaju. S\u0105downictwo jest niezale\u017cne od w\u0142adzy wykonawczej i ustawodawczej.<br \/>\nObowi\u0105zuj\u0105c\u0105 walut\u0105 jest peso urugwajskie (UYU).<\/p>\n","protected":false},"excerpt":{"rendered":"<p>Urugwaj, zwany r\u00f3wnie\u017c Wschodni\u0105 Republik\u0105 Urugwaju (z hiszp.: Rep\u00fablica Oriental del Uruguay, dos\u0142ownie: Wschodnia Republika Rzeki Urugwaj), to kraj po\u0142o\u017cony w po\u0142udniowej cz\u0119\u015bci Ameryki Po\u0142udniowej. Graniczy z Brazyli\u0105 na p\u00f3\u0142nocy, Rzek\u0105 Urugwaj na zachodzie, zatok\u0105 Rio de la Plata (dos\u0142ownie \u201eSrebrn\u0105 Rzek\u0105\u201d) na po\u0142udniowym-zachodzie, Argentyn\u0105 po drugiej stronie rzeki i w ko\u0144cu z Po\u0142udniowym Atlantykiem &hellip; <a href=\"https:\/\/www.worldclock.com\/Aktualny-Czas\/ameryka-poludniowa\/urugwaj\/\" class=\"more-link\"><\/a><\/p>\n","protected":false},"author":1,"featured_media":4433,"parent":6444,"menu_order":0,"comment_status":"closed","ping_status":"closed","template":"custom-page-templates-countrypage.php","meta":{"_acf_changed":false,"footnotes":""},"categories":[],"tags":[],"class_list":["post-6461","page","type-page","status-publish","has-post-thumbnail","hentry"],"acf":[],"_links":{"self":[{"href":"https:\/\/www.worldclock.com\/Aktualny-Czas\/wp-json\/wp\/v2\/pages\/6461","targetHints":{"allow":["GET"]}}],"collection":[{"href":"https:\/\/www.worldclock.com\/Aktualny-Czas\/wp-json\/wp\/v2\/pages"}],"about":[{"href":"https:\/\/www.worldclock.com\/Aktualny-Czas\/wp-json\/wp\/v2\/types\/page"}],"author":[{"embeddable":true,"href":"https:\/\/www.worldclock.com\/Aktualny-Czas\/wp-json\/wp\/v2\/users\/1"}],"replies":[{"embeddable":true,"href":"https:\/\/www.worldclock.com\/Aktualny-Czas\/wp-json\/wp\/v2\/comments?post=6461"}],"version-history":[{"count":0,"href":"https:\/\/www.worldclock.com\/Aktualny-Czas\/wp-json\/wp\/v2\/pages\/6461\/revisions"}],"up":[{"embeddable":true,"href":"https:\/\/www.worldclock.com\/Aktualny-Czas\/wp-json\/wp\/v2\/pages\/6444"}],"wp:featuredmedia":[{"embeddable":true,"href":"https:\/\/www.worldclock.com\/Aktualny-Czas\/wp-json\/wp\/v2\/media\/4433"}],"wp:attachment":[{"href":"https:\/\/www.worldclock.com\/Aktualny-Czas\/wp-json\/wp\/v2\/media?parent=6461"}],"wp:term":[{"taxonomy":"category","embeddable":true,"href":"https:\/\/www.worldclock.com\/Aktualny-Czas\/wp-json\/wp\/v2\/categories?post=6461"},{"taxonomy":"post_tag","embeddable":true,"href":"https:\/\/www.worldclock.com\/Aktualny-Czas\/wp-json\/wp\/v2\/tags?post=6461"}],"curies":[{"name":"wp","href":"https:\/\/api.w.org\/{rel}","templated":true}]}}