{"id":6462,"date":"2017-01-19T04:13:37","date_gmt":"2017-01-19T04:13:37","guid":{"rendered":"http:\/\/worldclock.com\/?page_id=6462"},"modified":"2017-01-19T04:13:58","modified_gmt":"2017-01-19T04:13:58","slug":"wenezuela","status":"publish","type":"page","link":"https:\/\/www.worldclock.com\/Aktualny-Czas\/ameryka-poludniowa\/wenezuela\/","title":{"rendered":"Wenezuela"},"content":{"rendered":"<p>Wenezuela (wymowa w ameryka\u0144skiej odmianie hiszpa\u0144skiego: Benesouela, ale w Hiszpanii Benethouela), zwana oficjalnie Boliwia\u0144sk\u0105 Republik\u0105 Wenezueli (po hiszp.: Rep\u00fablica Bolivariana de Venezuela) to kraj znajduj\u0105cy si\u0119 w <a href=\"http:\/\/www.worldclock.com\/pl\/ameryka-poludniowa\/\">Ameryce Po\u0142udniowej<\/a> i by\u0142 poprzednio koloni\u0105 hiszpa\u0144sk\u0105. Graniczy z Kolumbi\u0105 na zachodzie, Brazyli\u0105 i Gujan\u0105 na wschodzie. Na p\u00f3\u0142nocy graniczy z Morzem Karaibskim oraz z wodami Republiki Dominikany, Antiguy i Barbuy, Trinidadu i Tobago, Grenady, Antyl\u00f3w Holenderskich i Barbadosu. Stolic\u0105 jest Caracas. By\u0142y prezydent kraju, Hugo Chavez, znany by\u0142 ze wspierania demokratycznego socjalizmu, dobrych relacji z Fidelem Castro oraz inicjatyw tworzenia przeciwwagi dla ameryka\u0144skich wp\u0142yw\u00f3w w Ameryce \u0141aci\u0144skiej. Gospodarka kraju mocno opiera si\u0119 na dost\u0119pnych zasobach ropy naftowej, najwi\u0119kszych na \u015bwiecie. Sektor naftowy stanowi oko\u0142o jednej trzeciej PKB kraju i generuje oko\u0142o 80% dochod\u00f3w z eksportu. Dominuj\u0105c\u0105 firm\u0105 jest Petroleos de Venezuela, PDVSA. Wenezuela jest jednym z pi\u0119ciu kraj\u00f3w za\u0142o\u017cycielskich OPEC. Sam pomys\u0142 utworzenia OPEC zosta\u0142 zaproponowany przez Wenezuelczyka, Juana Pablo Pereza Alfonso, w odpowiedzi na niskie ceny ropy w sierpniu 1960 roku. Wenezuela produkuje r\u00f3wnie\u017c du\u017ce ilo\u015bci kawy i kakao. W roku 1970, kraj prawie zr\u00f3wna\u0142 si\u0119 z Kolumbi\u0105 w zakresie produkcji kawy, ale dzi\u015b sektor naftowy ma du\u017ce oddzia\u0142ywanie na produkcj\u0119 roln\u0105. Wenezuela to tak\u017ce pierwszy kraj na \u015bwiecie, kt\u00f3ry zni\u00f3s\u0142 kar\u0119 \u015bmierci dla wszystkich przest\u0119pstw w roku 1863.<br \/>\nObowi\u0105zuj\u0105c\u0105 walut\u0105 w kraju jest bolivar fuerte.<\/p>\n","protected":false},"excerpt":{"rendered":"<p>Wenezuela (wymowa w ameryka\u0144skiej odmianie hiszpa\u0144skiego: Benesouela, ale w Hiszpanii Benethouela), zwana oficjalnie Boliwia\u0144sk\u0105 Republik\u0105 Wenezueli (po hiszp.: Rep\u00fablica Bolivariana de Venezuela) to kraj znajduj\u0105cy si\u0119 w Ameryce Po\u0142udniowej i by\u0142 poprzednio koloni\u0105 hiszpa\u0144sk\u0105. Graniczy z Kolumbi\u0105 na zachodzie, Brazyli\u0105 i Gujan\u0105 na wschodzie. Na p\u00f3\u0142nocy graniczy z Morzem Karaibskim oraz z wodami Republiki Dominikany, &hellip; <a href=\"https:\/\/www.worldclock.com\/Aktualny-Czas\/ameryka-poludniowa\/wenezuela\/\" class=\"more-link\"><\/a><\/p>\n","protected":false},"author":1,"featured_media":4438,"parent":6444,"menu_order":0,"comment_status":"closed","ping_status":"closed","template":"custom-page-templates-countrypage.php","meta":{"_acf_changed":false,"footnotes":""},"categories":[],"tags":[],"class_list":["post-6462","page","type-page","status-publish","has-post-thumbnail","hentry"],"acf":[],"_links":{"self":[{"href":"https:\/\/www.worldclock.com\/Aktualny-Czas\/wp-json\/wp\/v2\/pages\/6462","targetHints":{"allow":["GET"]}}],"collection":[{"href":"https:\/\/www.worldclock.com\/Aktualny-Czas\/wp-json\/wp\/v2\/pages"}],"about":[{"href":"https:\/\/www.worldclock.com\/Aktualny-Czas\/wp-json\/wp\/v2\/types\/page"}],"author":[{"embeddable":true,"href":"https:\/\/www.worldclock.com\/Aktualny-Czas\/wp-json\/wp\/v2\/users\/1"}],"replies":[{"embeddable":true,"href":"https:\/\/www.worldclock.com\/Aktualny-Czas\/wp-json\/wp\/v2\/comments?post=6462"}],"version-history":[{"count":0,"href":"https:\/\/www.worldclock.com\/Aktualny-Czas\/wp-json\/wp\/v2\/pages\/6462\/revisions"}],"up":[{"embeddable":true,"href":"https:\/\/www.worldclock.com\/Aktualny-Czas\/wp-json\/wp\/v2\/pages\/6444"}],"wp:featuredmedia":[{"embeddable":true,"href":"https:\/\/www.worldclock.com\/Aktualny-Czas\/wp-json\/wp\/v2\/media\/4438"}],"wp:attachment":[{"href":"https:\/\/www.worldclock.com\/Aktualny-Czas\/wp-json\/wp\/v2\/media?parent=6462"}],"wp:term":[{"taxonomy":"category","embeddable":true,"href":"https:\/\/www.worldclock.com\/Aktualny-Czas\/wp-json\/wp\/v2\/categories?post=6462"},{"taxonomy":"post_tag","embeddable":true,"href":"https:\/\/www.worldclock.com\/Aktualny-Czas\/wp-json\/wp\/v2\/tags?post=6462"}],"curies":[{"name":"wp","href":"https:\/\/api.w.org\/{rel}","templated":true}]}}