{"id":6520,"date":"2017-01-19T16:15:04","date_gmt":"2017-01-19T16:15:04","guid":{"rendered":"http:\/\/worldclock.com\/?page_id=6520"},"modified":"2017-01-19T16:15:59","modified_gmt":"2017-01-19T16:15:59","slug":"kanada","status":"publish","type":"page","link":"https:\/\/www.worldclock.com\/Aktualny-Czas\/ameryka-polnocna\/kanada\/","title":{"rendered":"Kanada"},"content":{"rendered":"<p>Kanada, znajduje si\u0119 w p\u00f3\u0142nocnej cz\u0119\u015bci <a href=\"http:\/\/www.worldclock.com\/pl\/ameryka-polnocna\/\">Ameryki P\u00f3\u0142nocnej<\/a>, jest drugim co do wielko\u015bci krajem na \u015bwiecie. Ten ogromny kraj, kt\u00f3ry graniczy z USA zar\u00f3wno od po\u0142udnia jak i od zachodu (Alaska) sklada sie z 10 prowincji i 3 terytori\u00f3w. Stolic\u0105 Kanady jest Ottawa, oficjalnymi j\u0119zykami s\u0105 angielski i francuski, a liczba ludno\u015bci wynosi 37.7 miliona mieszka\u0144c\u00f3w. Oficjalnie Kanada uzyska\u0142a status pa\u0144stwowy w roku 1867, lecz pe\u0142nej konstytucyjnej niezale\u017cno\u015bci nie odzyska\u0142a od Zjednoczonego Kr\u00f3lestwa a\u017c do 1982. Walut\u0105 u\u017cywan\u0105 w Kanadzie jest dolar kanadyjski (CAD). Najwi\u0119kszymi miastami Kanady s\u0105 Toronto, Vancouver i Montreal. P\u00f3\u0142noc kraju jest bardzo s\u0142abo zaludniona. Kanada posiada jedne z niewielu pozosta\u0142ych szerokich, nienaruszonych po\u0142aci lasu, a ze wszystkich istniej\u0105cych na \u015bwiecie jezior 60 procent znajduje sie w Kanadzie. 25 procent Kanadyjczyk\u00f3w u\u017cywa j\u0119zyka francuskiego, z kt\u00f3rych wi\u0119kszo\u015b\u0107 zamieszkuje prowincj\u0119 Quebec. W Kanadzie popularnymi sportami s\u0105 sporty zimowe takie jak hokej, snowboarding i narciarstwo. <\/p>\n","protected":false},"excerpt":{"rendered":"<p>Kanada, znajduje si\u0119 w p\u00f3\u0142nocnej cz\u0119\u015bci Ameryki P\u00f3\u0142nocnej, jest drugim co do wielko\u015bci krajem na \u015bwiecie. Ten ogromny kraj, kt\u00f3ry graniczy z USA zar\u00f3wno od po\u0142udnia jak i od zachodu (Alaska) sklada sie z 10 prowincji i 3 terytori\u00f3w. Stolic\u0105 Kanady jest Ottawa, oficjalnymi j\u0119zykami s\u0105 angielski i francuski, a liczba ludno\u015bci wynosi 37.7 miliona &hellip; <a href=\"https:\/\/www.worldclock.com\/Aktualny-Czas\/ameryka-polnocna\/kanada\/\" class=\"more-link\"><\/a><\/p>\n","protected":false},"author":1,"featured_media":4566,"parent":6508,"menu_order":0,"comment_status":"closed","ping_status":"closed","template":"custom-page-templates-countrypage.php","meta":{"_acf_changed":false,"footnotes":""},"categories":[],"tags":[],"class_list":["post-6520","page","type-page","status-publish","has-post-thumbnail","hentry"],"acf":[],"_links":{"self":[{"href":"https:\/\/www.worldclock.com\/Aktualny-Czas\/wp-json\/wp\/v2\/pages\/6520","targetHints":{"allow":["GET"]}}],"collection":[{"href":"https:\/\/www.worldclock.com\/Aktualny-Czas\/wp-json\/wp\/v2\/pages"}],"about":[{"href":"https:\/\/www.worldclock.com\/Aktualny-Czas\/wp-json\/wp\/v2\/types\/page"}],"author":[{"embeddable":true,"href":"https:\/\/www.worldclock.com\/Aktualny-Czas\/wp-json\/wp\/v2\/users\/1"}],"replies":[{"embeddable":true,"href":"https:\/\/www.worldclock.com\/Aktualny-Czas\/wp-json\/wp\/v2\/comments?post=6520"}],"version-history":[{"count":0,"href":"https:\/\/www.worldclock.com\/Aktualny-Czas\/wp-json\/wp\/v2\/pages\/6520\/revisions"}],"up":[{"embeddable":true,"href":"https:\/\/www.worldclock.com\/Aktualny-Czas\/wp-json\/wp\/v2\/pages\/6508"}],"wp:featuredmedia":[{"embeddable":true,"href":"https:\/\/www.worldclock.com\/Aktualny-Czas\/wp-json\/wp\/v2\/media\/4566"}],"wp:attachment":[{"href":"https:\/\/www.worldclock.com\/Aktualny-Czas\/wp-json\/wp\/v2\/media?parent=6520"}],"wp:term":[{"taxonomy":"category","embeddable":true,"href":"https:\/\/www.worldclock.com\/Aktualny-Czas\/wp-json\/wp\/v2\/categories?post=6520"},{"taxonomy":"post_tag","embeddable":true,"href":"https:\/\/www.worldclock.com\/Aktualny-Czas\/wp-json\/wp\/v2\/tags?post=6520"}],"curies":[{"name":"wp","href":"https:\/\/api.w.org\/{rel}","templated":true}]}}