{"id":6556,"date":"2017-01-19T17:11:29","date_gmt":"2017-01-19T17:11:29","guid":{"rendered":"http:\/\/worldclock.com\/?page_id=6556"},"modified":"2017-01-19T17:12:29","modified_gmt":"2017-01-19T17:12:29","slug":"saint-vincent-i-grenadyny","status":"publish","type":"page","link":"https:\/\/www.worldclock.com\/Aktualny-Czas\/ameryka-polnocna\/saint-vincent-i-grenadyny\/","title":{"rendered":"Saint Vincent i Grenadyny"},"content":{"rendered":"<p>Saint Vincent i Grenadyny, po\u0142o\u017cone na Morzu Karaibskim, to nar\u00f3d wyspiarski i cz\u0142onek Wsp\u00f3lnoty. Stolic\u0105 jest Kingstown, j\u0119zykiem urz\u0119dowym jest angielski, a populacja kraju wynosi 103 000. Obowi\u0105zuj\u0105c\u0105 walut\u0105 jest dolar wschodniokaraibski (XCD).<\/p>\n","protected":false},"excerpt":{"rendered":"<p>Saint Vincent i Grenadyny, po\u0142o\u017cone na Morzu Karaibskim, to nar\u00f3d wyspiarski i cz\u0142onek Wsp\u00f3lnoty. Stolic\u0105 jest Kingstown, j\u0119zykiem urz\u0119dowym jest angielski, a populacja kraju wynosi 103 000. Obowi\u0105zuj\u0105c\u0105 walut\u0105 jest dolar wschodniokaraibski (XCD).<\/p>\n","protected":false},"author":1,"featured_media":4371,"parent":6508,"menu_order":0,"comment_status":"closed","ping_status":"closed","template":"custom-page-templates-countrypage.php","meta":{"_acf_changed":false,"footnotes":""},"categories":[],"tags":[],"class_list":["post-6556","page","type-page","status-publish","has-post-thumbnail","hentry"],"acf":[],"_links":{"self":[{"href":"https:\/\/www.worldclock.com\/Aktualny-Czas\/wp-json\/wp\/v2\/pages\/6556","targetHints":{"allow":["GET"]}}],"collection":[{"href":"https:\/\/www.worldclock.com\/Aktualny-Czas\/wp-json\/wp\/v2\/pages"}],"about":[{"href":"https:\/\/www.worldclock.com\/Aktualny-Czas\/wp-json\/wp\/v2\/types\/page"}],"author":[{"embeddable":true,"href":"https:\/\/www.worldclock.com\/Aktualny-Czas\/wp-json\/wp\/v2\/users\/1"}],"replies":[{"embeddable":true,"href":"https:\/\/www.worldclock.com\/Aktualny-Czas\/wp-json\/wp\/v2\/comments?post=6556"}],"version-history":[{"count":0,"href":"https:\/\/www.worldclock.com\/Aktualny-Czas\/wp-json\/wp\/v2\/pages\/6556\/revisions"}],"up":[{"embeddable":true,"href":"https:\/\/www.worldclock.com\/Aktualny-Czas\/wp-json\/wp\/v2\/pages\/6508"}],"wp:featuredmedia":[{"embeddable":true,"href":"https:\/\/www.worldclock.com\/Aktualny-Czas\/wp-json\/wp\/v2\/media\/4371"}],"wp:attachment":[{"href":"https:\/\/www.worldclock.com\/Aktualny-Czas\/wp-json\/wp\/v2\/media?parent=6556"}],"wp:term":[{"taxonomy":"category","embeddable":true,"href":"https:\/\/www.worldclock.com\/Aktualny-Czas\/wp-json\/wp\/v2\/categories?post=6556"},{"taxonomy":"post_tag","embeddable":true,"href":"https:\/\/www.worldclock.com\/Aktualny-Czas\/wp-json\/wp\/v2\/tags?post=6556"}],"curies":[{"name":"wp","href":"https:\/\/api.w.org\/{rel}","templated":true}]}}