{"id":6564,"date":"2017-01-19T17:18:53","date_gmt":"2017-01-19T17:18:53","guid":{"rendered":"http:\/\/worldclock.com\/?page_id=6564"},"modified":"2017-01-19T17:19:22","modified_gmt":"2017-01-19T17:19:22","slug":"stany-zjednoczone-ameryki","status":"publish","type":"page","link":"https:\/\/www.worldclock.com\/Aktualny-Czas\/ameryka-polnocna\/stany-zjednoczone-ameryki\/","title":{"rendered":"Stany Zjednoczone Ameryki"},"content":{"rendered":"<p>Stany Zjednoczone Ameryki, zwane r\u00f3wniesz Stanami Zjednoczonymi, USA lub Ameryk\u0105, to trzeci najwi\u0119kszy kraj na \u015bwiecie. Jest to konstytucyjna republika federalna sk\u0142adaj\u0105ca si\u0119 z pi\u0119\u0107dziesi\u0119ciu stan\u00f3w i okr\u0119gu federalnego. Pa\u0144stwo znajduje si\u0119 g\u0142\u00f3wnie w \u015brodkowej cz\u0119\u015bci <a href=\"http:\/\/www.worldclock.com\/pl\/ameryka-polnocna\/\">Ameryki P\u00f3\u0142nocnej<\/a>, gdzie znajduje si\u0119 48 przylegaj\u0105cych do siebie stan\u00f3w oraz region sto\u0142eczny, Waszyngton, kt\u00f3re po\u0142o\u017cone s\u0105 mi\u0119dzy Oceanem Spokojnym a Oceanem Atlantyckim. Kraj graniczy z Kanad\u0105 na p\u00f3\u0142nocy i Meksykiem na po\u0142udniu. Alaska po\u0142o\u017cona jest w p\u00f3\u0142nocno-zachodniej cz\u0119\u015bci kontynentu, sk\u0105d Kanada znajduje si\u0119 na wschodzie a Rosja na zachodzie, po drugiej stronie Cie\u015bniny Beringa. Hawaje to archipelag na Pacyfiku. Kraj r\u00f3wnie\u017c dysponuje szeregiem innych region\u00f3w na Pacyfiku i Karaibach.<br \/>\nW roku 1507, niemiecki kartograf,  Martin Waldseem\u00fcller, stworzy\u0142 map\u0119 \u015bwiata, na kt\u00f3rej u\u017cy\u0142 nazwy \u201eAmeryka\u201d, po w\u0142oskim odkrywcy i kartografie, Amerigo Vespucci, dla okre\u015blenia kontynentu na p\u00f3\u0142kuli zachodniej. By\u0142e kolonie brytyjskie po raz pierwszy u\u017cy\u0142y wsp\u00f3\u0142czesnej nazwy kraju w Deklaracji Niepodleg\u0142o\u015bci, w roku 1776. Stany Zjednoczone to trzeci najwi\u0119kszy kraj pod wzgl\u0119dem \u0142\u0105cznej wielko\u015bci i liczebno\u015bci, maj\u0105c powierzchni\u0119 9.83 miliona kilometr\u00f3w kwadratowych i ponad 320 milion\u00f3w mieszka\u0144c\u00f3w. Jest to jeden z najbardziej zr\u00f3\u017cnicowanych kulturowo pa\u0144stw na \u015bwiecie, a jest to wynik masowej migracji z wielu kraj\u00f3w. USA ma najwi\u0119ksz\u0105 gospodark\u0119 na \u015bwiecie, a szacowane PKB kraju, z roku 2011, wynosi\u0142o 15.1 tryliona dolar\u00f3w.<br \/>\nObowi\u0105zuj\u0105c\u0105 walut\u0105 jest dolar ameryka\u0144ski ($, USD).<\/p>\n","protected":false},"excerpt":{"rendered":"<p>Stany Zjednoczone Ameryki, zwane r\u00f3wniesz Stanami Zjednoczonymi, USA lub Ameryk\u0105, to trzeci najwi\u0119kszy kraj na \u015bwiecie. Jest to konstytucyjna republika federalna sk\u0142adaj\u0105ca si\u0119 z pi\u0119\u0107dziesi\u0119ciu stan\u00f3w i okr\u0119gu federalnego. Pa\u0144stwo znajduje si\u0119 g\u0142\u00f3wnie w \u015brodkowej cz\u0119\u015bci Ameryki P\u00f3\u0142nocnej, gdzie znajduje si\u0119 48 przylegaj\u0105cych do siebie stan\u00f3w oraz region sto\u0142eczny, Waszyngton, kt\u00f3re po\u0142o\u017cone s\u0105 mi\u0119dzy Oceanem &hellip; <a href=\"https:\/\/www.worldclock.com\/Aktualny-Czas\/ameryka-polnocna\/stany-zjednoczone-ameryki\/\" class=\"more-link\"><\/a><\/p>\n","protected":false},"author":1,"featured_media":4383,"parent":6508,"menu_order":0,"comment_status":"closed","ping_status":"closed","template":"custom-page-templates-countrypage.php","meta":{"_acf_changed":false,"footnotes":""},"categories":[],"tags":[],"class_list":["post-6564","page","type-page","status-publish","has-post-thumbnail","hentry"],"acf":[],"_links":{"self":[{"href":"https:\/\/www.worldclock.com\/Aktualny-Czas\/wp-json\/wp\/v2\/pages\/6564","targetHints":{"allow":["GET"]}}],"collection":[{"href":"https:\/\/www.worldclock.com\/Aktualny-Czas\/wp-json\/wp\/v2\/pages"}],"about":[{"href":"https:\/\/www.worldclock.com\/Aktualny-Czas\/wp-json\/wp\/v2\/types\/page"}],"author":[{"embeddable":true,"href":"https:\/\/www.worldclock.com\/Aktualny-Czas\/wp-json\/wp\/v2\/users\/1"}],"replies":[{"embeddable":true,"href":"https:\/\/www.worldclock.com\/Aktualny-Czas\/wp-json\/wp\/v2\/comments?post=6564"}],"version-history":[{"count":0,"href":"https:\/\/www.worldclock.com\/Aktualny-Czas\/wp-json\/wp\/v2\/pages\/6564\/revisions"}],"up":[{"embeddable":true,"href":"https:\/\/www.worldclock.com\/Aktualny-Czas\/wp-json\/wp\/v2\/pages\/6508"}],"wp:featuredmedia":[{"embeddable":true,"href":"https:\/\/www.worldclock.com\/Aktualny-Czas\/wp-json\/wp\/v2\/media\/4383"}],"wp:attachment":[{"href":"https:\/\/www.worldclock.com\/Aktualny-Czas\/wp-json\/wp\/v2\/media?parent=6564"}],"wp:term":[{"taxonomy":"category","embeddable":true,"href":"https:\/\/www.worldclock.com\/Aktualny-Czas\/wp-json\/wp\/v2\/categories?post=6564"},{"taxonomy":"post_tag","embeddable":true,"href":"https:\/\/www.worldclock.com\/Aktualny-Czas\/wp-json\/wp\/v2\/tags?post=6564"}],"curies":[{"name":"wp","href":"https:\/\/api.w.org\/{rel}","templated":true}]}}