{"id":15654,"date":"2017-02-26T23:57:26","date_gmt":"2017-02-26T23:57:26","guid":{"rendered":"http:\/\/worldclock.com\/tr\/?page_id=15654"},"modified":"2018-06-29T19:22:08","modified_gmt":"2018-06-29T19:22:08","slug":"hakkimizda","status":"publish","type":"page","link":"https:\/\/www.worldclock.com\/saat-kac\/hakkimizda\/","title":{"rendered":"Hakk\u0131m\u0131zda"},"content":{"rendered":"<p>WorldClock.com d\u00fcnya \u00fczerindeki ana \u015fehirler i\u00e7in kesin saat, istatistik ve hava durumu bilgileri sa\u011flar.<\/p>\n<p><strong>Saat Ka\u00e7<\/strong> E\u015fsiz saat bildirme hassasiyetiyle, World Clock gezginler ve i\u015fadamlar\u0131 i\u00e7in en iyi referans noktas\u0131d\u0131r. \u0130ster bir u\u00e7ak rezervasyonu yap\u0131n ister bir uluslararas\u0131 telekonferans planlay\u0131n, deniza\u015f\u0131r\u0131 i\u015flerde \u00e7al\u0131\u015fma saatlerini incelemek i\u00e7in saat dilimi \u00e7eviricimizi kullan\u0131n. WorldClock.com (Saat Ka\u00e7) saniyeler i\u00e7inde size saati g\u00f6sterecektir.<\/p>\n<p>Bir \u00fclkenin saat dilimi iki standarda g\u00f6re categorize edilir, bunlardan eski olan\u0131 Greenwich Saati (GMT) ve daha modern olan\u0131 ise Koordineli Evrensel Zamand\u0131r (UTC). Ancak, asl\u0131nda GMT ile UTC aras\u0131nda temel bir saat fark\u0131 yoktur ve bu nedenle ikisi birbirinin yerine kullan\u0131labilir.<\/p>\n<p>Saat dilimleri d\u00fcnyan\u0131n boylamsal \u00e7izgilerle b\u00f6l\u00fcnm\u00fc\u015f b\u00f6lgeleridir. D\u00fcnyada g\u00fcn i\u00e7indeki 24 saatle uyumlu olacak \u015fekilde 24 farkl\u0131 saat dilimi bulunur ve bunlar World Clock\u2019taki saat dilimi haritam\u0131zda g\u00f6sterilmi\u015ftir. Britanya Greenwich Saati \u201cGMT 0\u201d standart olarak belirlemi\u015ftir ve di\u011fer \u00fclkeler saatlerini Britanya\u2019n\u0131n ne kadar \u00f6n\u00fcnde yada gerisinde olduklar\u0131n\u0131 hesaplayarak saat dilimlerini belirleyebilirler. \u00d6rnek olarak Britanya\u2019n\u0131n 3 saat ilerisinde olan Suudi Arabistan \u201cGMT +3\u201d saat diliminde bulunurken , Britanya\u2019n\u0131n 5 saat gerisinde olan Kolombiya \u201cGMT -5\u201d saat dilimindedir.<\/p>\n<p>Yaz Saati Uygulamas\u0131 (DST) d\u00fcnyan\u0131n belli b\u00f6lgelerinde \u00e7al\u0131\u015fma saatlerinde g\u00fcne\u015f \u0131\u015f\u0131\u011f\u0131ndan daha fazla faydalanmak i\u00e7in kullan\u0131lmaktad\u0131r. Bu nedenle y\u0131l\u0131n yar\u0131s\u0131nda baz\u0131 \u00fclkeler saatlerini bir saat de\u011fi\u015ftirirler. D\u00fcnya Saatleri ilkbahar\u0131n ba\u015f\u0131nda bir saat ileri al\u0131n\u0131r ve sonras\u0131nda sonbaharda tekrar bir saat geri al\u0131n\u0131r. Yani, ilk baharda 4:00 Standart saat 5:00 DST\u2019ye ge\u00e7er.<\/p>\n","protected":false},"excerpt":{"rendered":"<p>WorldClock.com d\u00fcnya \u00fczerindeki ana \u015fehirler i\u00e7in kesin saat, istatistik ve hava durumu bilgileri sa\u011flar. Saat Ka\u00e7 E\u015fsiz saat bildirme hassasiyetiyle, World Clock gezginler ve i\u015fadamlar\u0131 i\u00e7in en iyi referans noktas\u0131d\u0131r. \u0130ster bir u\u00e7ak rezervasyonu yap\u0131n ister bir uluslararas\u0131 telekonferans planlay\u0131n, deniza\u015f\u0131r\u0131 i\u015flerde \u00e7al\u0131\u015fma saatlerini incelemek i\u00e7in saat dilimi \u00e7eviricimizi kullan\u0131n. WorldClock.com (Saat Ka\u00e7) saniyeler i\u00e7inde &hellip; <a href=\"https:\/\/www.worldclock.com\/saat-kac\/hakkimizda\/\" class=\"more-link\"><\/a><\/p>\n","protected":false},"author":1,"featured_media":0,"parent":0,"menu_order":0,"comment_status":"closed","ping_status":"closed","template":"","meta":{"_acf_changed":false,"footnotes":""},"categories":[],"tags":[],"class_list":["post-15654","page","type-page","status-publish","hentry"],"acf":[],"_links":{"self":[{"href":"https:\/\/www.worldclock.com\/saat-kac\/wp-json\/wp\/v2\/pages\/15654","targetHints":{"allow":["GET"]}}],"collection":[{"href":"https:\/\/www.worldclock.com\/saat-kac\/wp-json\/wp\/v2\/pages"}],"about":[{"href":"https:\/\/www.worldclock.com\/saat-kac\/wp-json\/wp\/v2\/types\/page"}],"author":[{"embeddable":true,"href":"https:\/\/www.worldclock.com\/saat-kac\/wp-json\/wp\/v2\/users\/1"}],"replies":[{"embeddable":true,"href":"https:\/\/www.worldclock.com\/saat-kac\/wp-json\/wp\/v2\/comments?post=15654"}],"version-history":[{"count":0,"href":"https:\/\/www.worldclock.com\/saat-kac\/wp-json\/wp\/v2\/pages\/15654\/revisions"}],"wp:attachment":[{"href":"https:\/\/www.worldclock.com\/saat-kac\/wp-json\/wp\/v2\/media?parent=15654"}],"wp:term":[{"taxonomy":"category","embeddable":true,"href":"https:\/\/www.worldclock.com\/saat-kac\/wp-json\/wp\/v2\/categories?post=15654"},{"taxonomy":"post_tag","embeddable":true,"href":"https:\/\/www.worldclock.com\/saat-kac\/wp-json\/wp\/v2\/tags?post=15654"}],"curies":[{"name":"wp","href":"https:\/\/api.w.org\/{rel}","templated":true}]}}